{"id":873,"date":"2024-07-15T15:04:40","date_gmt":"2024-07-15T15:04:40","guid":{"rendered":"https:\/\/dps-debno.pl\/?page_id=873"},"modified":"2024-07-15T15:04:40","modified_gmt":"2024-07-15T15:04:40","slug":"klauzula-informacyjna-opiekun-prawny-rodzina-kurator","status":"publish","type":"page","link":"https:\/\/dps-debno.pl\/index.php\/klauzula-informacyjna-opiekun-prawny-rodzina-kurator\/","title":{"rendered":"KLAUZULA INFORMACYJNA OPIEKUN PRAWNY- RODZINA &#8211; KURATOR"},"content":{"rendered":"\n<p><strong>KLAUZULA INFORMACYJNA ADMINISTRATORA O PRZETWARZANIU DANYCH<\/strong> <strong>OSOBOWYCH:<\/strong><\/p>\n\n\n\n<p><strong>OPIEKUNA PRAWNEGO MIESZKA\u0143CA DPS*<\/strong> <strong>PRZEDSTAWICELAUSTAWOWEGO*<\/strong> <strong>OSOBY UPOWA\u017bNIONEJ NOTARIALNIE*<\/strong> <strong>KURATORA*CZ\u0141ONKA RODZINY MIESZKA\u0143CA DPS\/OSOBY UPOWA\u017bNIONEJ PRZEZ MIESZKA\u0143CA*<\/strong><\/p>\n\n\n\n<p><em>*niepotrzebne skre\u015bli\u0107<\/em><\/p>\n\n\n\n<p>Na podstawie art. 13 ust. 1 i 2 rozporz\u0105dzenia Parlamentu Europejskiego i Rady (UE) 2016\/679<\/p>\n\n\n\n<p>z dnia 27 kwietnia 2016 r, w sprawie ochrony os\u00f3b fizycznych w zwi\u0105zku z przetwarzaniem danych osobowych i w sprawie swobodnego przep\u0142ywu takich danych oraz uchylenia dyrektywy 95\/46\/WE, \u2013 informujemy:<\/p>\n\n\n\n<ol>\n<li><a><strong>Administratorem Danych Osobowych<\/strong><\/a> (ADO) jest: Dom Pomocy Spo\u0142ecznej w D\u0119bnie, D\u0119bno 27, 89-310 \u0141ob\u017cenica (DPS) e- mail: <a href=\"mailto:%20dps@dps-debno.pl\">dps@dps-debno.pl<\/a>, tel. 67 286-18-20, (dalej: \u201e<strong>Administrator<\/strong>\u201d).<\/li>\n\n\n\n<li><strong>Dane kontaktowe inspektora ochrony danych osobowych<\/strong>: e-\u00a0mail \u2013 <a href=\"mailto:iodo@sys-it.pl\">iodo@sys-it.pl<\/a>, pisemny kontakt mo\u017cliwy tak\u017ce na adres Administratora danych<\/li>\n\n\n\n<li><strong>Pa\u0144stwa dane osobowe przetwarzane b\u0119d\u0105 w celu<\/strong> zwi\u0105zanym z realizacj\u0105 zada\u0144 statutowych<strong> <\/strong>DPS, w szczeg\u00f3lno\u015bci na podstawie art. 100 oraz art. 68a Ustawy o pomocy spo\u0142ecznej z 12 marca 2004 r. oraz Rozporz\u0105dzenia Ministra Pracy i Polityki Spo\u0142ecznej z dnia23 sierpnia 2012 r. w sprawie dom\u00f3w pomocy spo\u0142ecznej &#8211; przetwarzanie jest niezb\u0119dne dla wype\u0142nienia obowi\u0105zku prawnego ci\u0105\u017c\u0105cego na Administratorze &#8211; art. 6 ust. 1 lit. c RODO.<\/li>\n\n\n\n<li><strong>Dane osobowe mog\u0105 by\u0107 przekazywane<\/strong> jedynie podmiotom, z kt\u00f3rymi administrator zawar\u0142 umowy powierzenia przetwarzania danych osobowych, a tak\u017ce podmiotom uprawnionym do ich otrzymania na podstawie przepis\u00f3w prawa.<\/li>\n\n\n\n<li><strong>Pa\u0144stwa dane osobowe b\u0119d\u0105 przechowywane<\/strong> przez czas okre\u015blony w rozporz\u0105dzeniu w sprawie instrukcji kancelaryjnej, jednolitych rzeczowych wykaz\u00f3w akt oraz instrukcji\u00a0\u00a0 w sprawie organizacji i zakresu dzia\u0142ania archiw\u00f3w zak\u0142adowych.\u00a0\u00a0<\/li>\n\n\n\n<li><strong>Maj\u0105 Pa\u0144stwo prawo do \u017c\u0105dania od administratora danych<\/strong> dost\u0119pu do swoich danych osobowych, ich sprostowania, uzupe\u0142nienia, usuni\u0119cia lub ograniczenia przetwarzania lub prawo do wniesienia sprzeciwu wobec przetwarzania, a tak\u017ce prawo do przenoszenia danych.<\/li>\n\n\n\n<li>Maj\u0105 Pa\u0144stwo prawo do wniesienia skargi do organu nadzorczego, kt\u00f3rym jest Prezes Urz\u0119du Ochrony Danych Osobowych z siedzib\u0105 ul. Stawki 2, 00-193 Warszawa.<\/li>\n\n\n\n<li>Podanie danych osobowych jest wymogiem ustawowym i ma charakter obowi\u0105zkowy. \u00a0Konsekwencj\u0105 niepodania danych mo\u017ce by\u0107 niemo\u017cno\u015b\u0107 skorzystania z us\u0142ug \u015bwiadczonych przez DPS.<\/li>\n\n\n\n<li>\u0179r\u00f3d\u0142a pochodzenia danych osobowych \u2013 dot. danych, pozyskanych w spos\u00f3b inny ni\u017c od osoby, kt\u00f3rej dotycz\u0105: Miejski O\u015brodek Pomocy Spo\u0142ecznej, s\u0105dy powszechne. \u00a0<\/li>\n\n\n\n<li>Pa\u0144stwa dane osobowe nie s\u0105 wykorzystywane przy zautomatyzowanym podejmowaniu decyzji oraz nie podlegaj\u0105 profilowaniu. \u00a0<\/li>\n\n\n\n<li>Pa\u0144stwa dane osobowe<strong> <\/strong>nie b\u0119d\u0105 przekazywane do pa\u0144stw trzecich ani udost\u0119pniane organizacjom mi\u0119dzynarodowym.<\/li>\n<\/ol>\n\n\n\n<p>Przyjmuj\u0119 do wiadomo\u015bci\u2026\u2026\u2026\u2026\u2026\u2026\u2026\u2026\u2026\u2026\u2026\u2026.\u2026\u2026.<\/p>\n\n\n\n<div class=\"wp-block-file\"><a id=\"wp-block-file--media-a2991449-11bc-46ed-9e41-03cbe36e8f03\" href=\"https:\/\/dps-debno.pl\/wp-content\/uploads\/2024\/07\/KLAUZULA-INFORMACYJNA-OPIEKUN-PRAWNY-RODZINA-KURATOR.docx\">KLAUZULA-INFORMACYJNA-OPIEKUN-PRAWNY-RODZINA-KURATOR<\/a><a href=\"https:\/\/dps-debno.pl\/wp-content\/uploads\/2024\/07\/KLAUZULA-INFORMACYJNA-OPIEKUN-PRAWNY-RODZINA-KURATOR.docx\" class=\"wp-block-file__button wp-element-button\" download aria-describedby=\"wp-block-file--media-a2991449-11bc-46ed-9e41-03cbe36e8f03\">Pobierz<\/a><\/div>\n","protected":false},"excerpt":{"rendered":"<p>KLAUZULA INFORMACYJNA ADMINISTRATORA O PRZETWARZANIU DANYCH OSOBOWYCH: OPIEKUNA PRAWNEGO MIESZKA\u0143CA DPS* PRZEDSTAWICELAUSTAWOWEGO* OSOBY UPOWA\u017bNIONEJ NOTARIALNIE* KURATORA*CZ\u0141ONKA RODZINY MIESZKA\u0143CA DPS\/OSOBY UPOWA\u017bNIONEJ PRZEZ MIESZKA\u0143CA* *niepotrzebne skre\u015bli\u0107 Na podstawie art. 13 ust. 1 i 2 rozporz\u0105dzenia Parlamentu Europejskiego i Rady (UE) 2016\/679 z dnia 27 kwietnia 2016 r, w sprawie ochrony os\u00f3b fizycznych w zwi\u0105zku z przetwarzaniem danych [&hellip;]<\/p>\n","protected":false},"author":1,"featured_media":0,"parent":0,"menu_order":0,"comment_status":"closed","ping_status":"closed","template":"","meta":{"footnotes":""},"yoast_head":"<!-- This site is optimized with the Yoast SEO plugin v23.1 - https:\/\/yoast.com\/wordpress\/plugins\/seo\/ -->\n<title>KLAUZULA INFORMACYJNA OPIEKUN PRAWNY- RODZINA - KURATOR - DPS D\u0119bno<\/title>\n<meta name=\"robots\" content=\"index, follow, max-snippet:-1, max-image-preview:large, max-video-preview:-1\" \/>\n<link rel=\"canonical\" href=\"https:\/\/dps-debno.pl\/index.php\/klauzula-informacyjna-opiekun-prawny-rodzina-kurator\/\" \/>\n<meta property=\"og:locale\" content=\"pl_PL\" \/>\n<meta property=\"og:type\" content=\"article\" \/>\n<meta property=\"og:title\" content=\"KLAUZULA INFORMACYJNA OPIEKUN PRAWNY- RODZINA - KURATOR - DPS D\u0119bno\" \/>\n<meta property=\"og:description\" content=\"KLAUZULA INFORMACYJNA ADMINISTRATORA O PRZETWARZANIU DANYCH OSOBOWYCH: OPIEKUNA PRAWNEGO MIESZKA\u0143CA DPS* PRZEDSTAWICELAUSTAWOWEGO* OSOBY UPOWA\u017bNIONEJ NOTARIALNIE* KURATORA*CZ\u0141ONKA RODZINY MIESZKA\u0143CA DPS\/OSOBY UPOWA\u017bNIONEJ PRZEZ MIESZKA\u0143CA* *niepotrzebne skre\u015bli\u0107 Na podstawie art. 13 ust. 1 i 2 rozporz\u0105dzenia Parlamentu Europejskiego i Rady (UE) 2016\/679 z dnia 27 kwietnia 2016 r, w sprawie ochrony os\u00f3b fizycznych w zwi\u0105zku z przetwarzaniem danych [&hellip;]\" \/>\n<meta property=\"og:url\" content=\"https:\/\/dps-debno.pl\/index.php\/klauzula-informacyjna-opiekun-prawny-rodzina-kurator\/\" \/>\n<meta property=\"og:site_name\" content=\"DPS D\u0119bno\" \/>\n<meta property=\"og:image\" content=\"https:\/\/dps-debno.pl\/wp-content\/uploads\/2024\/07\/logo.webp\" \/>\n\t<meta property=\"og:image:width\" content=\"500\" \/>\n\t<meta property=\"og:image:height\" content=\"556\" \/>\n\t<meta property=\"og:image:type\" content=\"image\/webp\" \/>\n<meta name=\"twitter:card\" content=\"summary_large_image\" \/>\n<meta name=\"twitter:label1\" content=\"Szacowany czas czytania\" \/>\n\t<meta name=\"twitter:data1\" content=\"2 minuty\" \/>\n<script type=\"application\/ld+json\" class=\"yoast-schema-graph\">{\"@context\":\"https:\/\/schema.org\",\"@graph\":[{\"@type\":\"WebPage\",\"@id\":\"https:\/\/dps-debno.pl\/index.php\/klauzula-informacyjna-opiekun-prawny-rodzina-kurator\/\",\"url\":\"https:\/\/dps-debno.pl\/index.php\/klauzula-informacyjna-opiekun-prawny-rodzina-kurator\/\",\"name\":\"KLAUZULA INFORMACYJNA OPIEKUN PRAWNY- RODZINA - KURATOR - DPS D\u0119bno\",\"isPartOf\":{\"@id\":\"https:\/\/dps-debno.pl\/#website\"},\"datePublished\":\"2024-07-15T15:04:40+00:00\",\"dateModified\":\"2024-07-15T15:04:40+00:00\",\"breadcrumb\":{\"@id\":\"https:\/\/dps-debno.pl\/index.php\/klauzula-informacyjna-opiekun-prawny-rodzina-kurator\/#breadcrumb\"},\"inLanguage\":\"pl-PL\",\"potentialAction\":[{\"@type\":\"ReadAction\",\"target\":[\"https:\/\/dps-debno.pl\/index.php\/klauzula-informacyjna-opiekun-prawny-rodzina-kurator\/\"]}]},{\"@type\":\"BreadcrumbList\",\"@id\":\"https:\/\/dps-debno.pl\/index.php\/klauzula-informacyjna-opiekun-prawny-rodzina-kurator\/#breadcrumb\",\"itemListElement\":[{\"@type\":\"ListItem\",\"position\":1,\"name\":\"Strona g\u0142\u00f3wna\",\"item\":\"https:\/\/dps-debno.pl\/\"},{\"@type\":\"ListItem\",\"position\":2,\"name\":\"KLAUZULA INFORMACYJNA OPIEKUN PRAWNY- RODZINA &#8211; KURATOR\"}]},{\"@type\":\"WebSite\",\"@id\":\"https:\/\/dps-debno.pl\/#website\",\"url\":\"https:\/\/dps-debno.pl\/\",\"name\":\"DPS D\u0119bno\",\"description\":\"Dom Pomocy Spo\u0142ecznej w D\u0119bnie\",\"publisher\":{\"@id\":\"https:\/\/dps-debno.pl\/#organization\"},\"potentialAction\":[{\"@type\":\"SearchAction\",\"target\":{\"@type\":\"EntryPoint\",\"urlTemplate\":\"https:\/\/dps-debno.pl\/?s={search_term_string}\"},\"query-input\":\"required name=search_term_string\"}],\"inLanguage\":\"pl-PL\"},{\"@type\":\"Organization\",\"@id\":\"https:\/\/dps-debno.pl\/#organization\",\"name\":\"DPS D\u0119bno\",\"url\":\"https:\/\/dps-debno.pl\/\",\"logo\":{\"@type\":\"ImageObject\",\"inLanguage\":\"pl-PL\",\"@id\":\"https:\/\/dps-debno.pl\/#\/schema\/logo\/image\/\",\"url\":\"https:\/\/dps-debno.pl\/wp-content\/uploads\/2024\/05\/logo.webp\",\"contentUrl\":\"https:\/\/dps-debno.pl\/wp-content\/uploads\/2024\/05\/logo.webp\",\"width\":701,\"height\":779,\"caption\":\"DPS D\u0119bno\"},\"image\":{\"@id\":\"https:\/\/dps-debno.pl\/#\/schema\/logo\/image\/\"}}]}<\/script>\n<!-- \/ Yoast SEO plugin. -->","yoast_head_json":{"title":"KLAUZULA INFORMACYJNA OPIEKUN PRAWNY- RODZINA - KURATOR - DPS D\u0119bno","robots":{"index":"index","follow":"follow","max-snippet":"max-snippet:-1","max-image-preview":"max-image-preview:large","max-video-preview":"max-video-preview:-1"},"canonical":"https:\/\/dps-debno.pl\/index.php\/klauzula-informacyjna-opiekun-prawny-rodzina-kurator\/","og_locale":"pl_PL","og_type":"article","og_title":"KLAUZULA INFORMACYJNA OPIEKUN PRAWNY- RODZINA - KURATOR - DPS D\u0119bno","og_description":"KLAUZULA INFORMACYJNA ADMINISTRATORA O PRZETWARZANIU DANYCH OSOBOWYCH: OPIEKUNA PRAWNEGO MIESZKA\u0143CA DPS* PRZEDSTAWICELAUSTAWOWEGO* OSOBY UPOWA\u017bNIONEJ NOTARIALNIE* KURATORA*CZ\u0141ONKA RODZINY MIESZKA\u0143CA DPS\/OSOBY UPOWA\u017bNIONEJ PRZEZ MIESZKA\u0143CA* *niepotrzebne skre\u015bli\u0107 Na podstawie art. 13 ust. 1 i 2 rozporz\u0105dzenia Parlamentu Europejskiego i Rady (UE) 2016\/679 z dnia 27 kwietnia 2016 r, w sprawie ochrony os\u00f3b fizycznych w zwi\u0105zku z przetwarzaniem danych [&hellip;]","og_url":"https:\/\/dps-debno.pl\/index.php\/klauzula-informacyjna-opiekun-prawny-rodzina-kurator\/","og_site_name":"DPS D\u0119bno","og_image":[{"width":500,"height":556,"url":"https:\/\/dps-debno.pl\/wp-content\/uploads\/2024\/07\/logo.webp","type":"image\/webp"}],"twitter_card":"summary_large_image","twitter_misc":{"Szacowany czas czytania":"2 minuty"},"schema":{"@context":"https:\/\/schema.org","@graph":[{"@type":"WebPage","@id":"https:\/\/dps-debno.pl\/index.php\/klauzula-informacyjna-opiekun-prawny-rodzina-kurator\/","url":"https:\/\/dps-debno.pl\/index.php\/klauzula-informacyjna-opiekun-prawny-rodzina-kurator\/","name":"KLAUZULA INFORMACYJNA OPIEKUN PRAWNY- RODZINA - KURATOR - DPS D\u0119bno","isPartOf":{"@id":"https:\/\/dps-debno.pl\/#website"},"datePublished":"2024-07-15T15:04:40+00:00","dateModified":"2024-07-15T15:04:40+00:00","breadcrumb":{"@id":"https:\/\/dps-debno.pl\/index.php\/klauzula-informacyjna-opiekun-prawny-rodzina-kurator\/#breadcrumb"},"inLanguage":"pl-PL","potentialAction":[{"@type":"ReadAction","target":["https:\/\/dps-debno.pl\/index.php\/klauzula-informacyjna-opiekun-prawny-rodzina-kurator\/"]}]},{"@type":"BreadcrumbList","@id":"https:\/\/dps-debno.pl\/index.php\/klauzula-informacyjna-opiekun-prawny-rodzina-kurator\/#breadcrumb","itemListElement":[{"@type":"ListItem","position":1,"name":"Strona g\u0142\u00f3wna","item":"https:\/\/dps-debno.pl\/"},{"@type":"ListItem","position":2,"name":"KLAUZULA INFORMACYJNA OPIEKUN PRAWNY- RODZINA &#8211; KURATOR"}]},{"@type":"WebSite","@id":"https:\/\/dps-debno.pl\/#website","url":"https:\/\/dps-debno.pl\/","name":"DPS D\u0119bno","description":"Dom Pomocy Spo\u0142ecznej w D\u0119bnie","publisher":{"@id":"https:\/\/dps-debno.pl\/#organization"},"potentialAction":[{"@type":"SearchAction","target":{"@type":"EntryPoint","urlTemplate":"https:\/\/dps-debno.pl\/?s={search_term_string}"},"query-input":"required name=search_term_string"}],"inLanguage":"pl-PL"},{"@type":"Organization","@id":"https:\/\/dps-debno.pl\/#organization","name":"DPS D\u0119bno","url":"https:\/\/dps-debno.pl\/","logo":{"@type":"ImageObject","inLanguage":"pl-PL","@id":"https:\/\/dps-debno.pl\/#\/schema\/logo\/image\/","url":"https:\/\/dps-debno.pl\/wp-content\/uploads\/2024\/05\/logo.webp","contentUrl":"https:\/\/dps-debno.pl\/wp-content\/uploads\/2024\/05\/logo.webp","width":701,"height":779,"caption":"DPS D\u0119bno"},"image":{"@id":"https:\/\/dps-debno.pl\/#\/schema\/logo\/image\/"}}]}},"_links":{"self":[{"href":"https:\/\/dps-debno.pl\/index.php\/wp-json\/wp\/v2\/pages\/873"}],"collection":[{"href":"https:\/\/dps-debno.pl\/index.php\/wp-json\/wp\/v2\/pages"}],"about":[{"href":"https:\/\/dps-debno.pl\/index.php\/wp-json\/wp\/v2\/types\/page"}],"author":[{"embeddable":true,"href":"https:\/\/dps-debno.pl\/index.php\/wp-json\/wp\/v2\/users\/1"}],"replies":[{"embeddable":true,"href":"https:\/\/dps-debno.pl\/index.php\/wp-json\/wp\/v2\/comments?post=873"}],"version-history":[{"count":1,"href":"https:\/\/dps-debno.pl\/index.php\/wp-json\/wp\/v2\/pages\/873\/revisions"}],"predecessor-version":[{"id":888,"href":"https:\/\/dps-debno.pl\/index.php\/wp-json\/wp\/v2\/pages\/873\/revisions\/888"}],"wp:attachment":[{"href":"https:\/\/dps-debno.pl\/index.php\/wp-json\/wp\/v2\/media?parent=873"}],"curies":[{"name":"wp","href":"https:\/\/api.w.org\/{rel}","templated":true}]}}