{"id":863,"date":"2024-07-15T14:57:35","date_gmt":"2024-07-15T14:57:35","guid":{"rendered":"https:\/\/dps-debno.pl\/?page_id=863"},"modified":"2024-07-15T14:57:35","modified_gmt":"2024-07-15T14:57:35","slug":"klauzula-informacyjna-dla-osoby-oczekujacej-na-przyjecie-do-domu-pomocy-spolecznej","status":"publish","type":"page","link":"https:\/\/dps-debno.pl\/index.php\/klauzula-informacyjna-dla-osoby-oczekujacej-na-przyjecie-do-domu-pomocy-spolecznej\/","title":{"rendered":"KLAUZULA INFORMACYJNA DLA OSOBY OCZEKUJ\u0104CEJ NA PRZYJ\u0118CIE DO DOMU POMOCY SPO\u0141ECZNEJ"},"content":{"rendered":"\n<p>Zgodnie z art. 13 ust. 1 i 2 Rozporz\u0105dzenia Parlamentu Europejskiego i Rady (UE) 2016\/679 z dnia 27 kwietnia 2016 r. w sprawie ochrony os\u00f3b fizycznych w zwi\u0105zku z przetwarzaniem danych osobowych i w sprawie swobodnego przep\u0142ywu takich danych oraz uchylenia dyrektywy 95\/46\/WE (og\u00f3lne rozporz\u0105dzenie o ochronie danych) informuje, \u017ce:<\/p>\n\n\n\n<ol>\n<li><strong>Administratorem Pani\/Pana danych osobowych<\/strong> jest Dom Pomocy Spo\u0142ecznej w D\u0119bnie, D\u0119bno 27, 89-310 \u0141ob\u017cenica e- mail: <a href=\"mailto:%20dps@dps-debno.pl\">dps@dps-debno.pl<\/a>, tel. 67 286-18-20, imieniu, kt\u00f3rego dzia\u0142a Dyrektor tego Domu (dalej: \u201e<strong>Administrator<\/strong>\u201d).<\/li>\n\n\n\n<li><strong>Kontakt z inspektorem ochrony danych osobowych<\/strong> na adres siedziby administratora lub e-mail: iodo@sys-it.pl<\/li>\n\n\n\n<li><strong>Administrator b\u0119dzie przetwarza\u0142 Pa\u0144stwa dane osobowe na podstawie<\/strong> art. 6 ust. 1 lit. c RODO w zakresie niezb\u0119dnym do wype\u0142nienia obowi\u0105zku prawnego ci\u0105\u017c\u0105cego na administratorze, tj. przyj\u0119cia w Domu Pomocy Spo\u0142ecznej oraz na podstawie art. 6 ust.1 lit a RODO w zakresie wyra\u017conej zgody na przetwarzanie swoich danych osobowych.<\/li>\n\n\n\n<li><strong>Dane osobowe mog\u0105 by\u0107 udost\u0119pniane <\/strong>innym uprawnionym podmiotom na podstawie przepis\u00f3w prawa, a tak\u017ce na rzecz podmiot\u00f3w, z kt\u00f3rymi administrator zawar\u0142 umow\u0119 powierzenia przetwarzania danych w zwi\u0105zku z realizacj\u0105 us\u0142ug na rzecz administratora np. dostawc\u0105 oprogramowania, zleceniobiorc\u0105 \u015bwiadcz\u0105cym us\u0142ug\u0119 z zakresu ochrony danych osobowych.<\/li>\n\n\n\n<li><strong>Administrator nie zamierza przekazywa\u0107<\/strong> Pa\u0144stwa danych osobowych do pa\u0144stwa trzeciego lub organizacji mi\u0119dzynarodowej.<\/li>\n\n\n\n<li><strong>Posiada Pani\/Pan prawo dost\u0119pu<\/strong> do tre\u015bci swoich danych oraz prawo ich sprostowania, usuni\u0119cia, ograniczenia przetwarzania, prawo wniesienia sprzeciwu, prawo do przenoszenia danych oraz prawo do cofni\u0119cia zgody.<\/li>\n\n\n\n<li><strong>Dane osobowe b\u0119d\u0105 przechowywane<\/strong> zgodnie z okresem ustalonym w Jednolitym Rzeczowym Wykazie Akt (JRWA), a po tym czasie zostan\u0105 trwale zniszczone\u00a0<\/li>\n\n\n\n<li><strong>Podanie przez Pani\u0105\/Pana danych osobowych jest dobrowolne<\/strong>, ale konieczne do przebywania na terenie nale\u017c\u0105cych do Domu Pomocy Spo\u0142ecznej z wyj\u0105tkiem danych osobowych, kt\u00f3rych podanie jest obowi\u0105zkowe Podanie danych jest konieczne do prawid\u0142owego wype\u0142niania obowi\u0105zku zwi\u0105zanego z przyj\u0119ciem i zamieszkaniem w Domu Pomocy Spo\u0142ecznej w D\u0119bnie.<\/li>\n\n\n\n<li><strong>Ma Pani\/ Pan prawo <\/strong>wniesienia skargi do Prezesa Urz\u0119du Ochrony Danych Osobowych, gdy uzna Pani\/Pan, i\u017c przetwarzanie Pani\/Pana danych osobowych narusza przepisy.<\/li>\n\n\n\n<li><strong>Administrator nie podejmuje decyzji<\/strong> w spos\u00f3b zautomatyzowany w oparciu o Pa\u0144stwa dane osobowe.<\/li>\n<\/ol>\n","protected":false},"excerpt":{"rendered":"<p>Zgodnie z art. 13 ust. 1 i 2 Rozporz\u0105dzenia Parlamentu Europejskiego i Rady (UE) 2016\/679 z dnia 27 kwietnia 2016 r. w sprawie ochrony os\u00f3b fizycznych w zwi\u0105zku z przetwarzaniem danych osobowych i w sprawie swobodnego przep\u0142ywu takich danych oraz uchylenia dyrektywy 95\/46\/WE (og\u00f3lne rozporz\u0105dzenie o ochronie danych) informuje, \u017ce:<\/p>\n","protected":false},"author":1,"featured_media":0,"parent":0,"menu_order":0,"comment_status":"closed","ping_status":"closed","template":"","meta":{"footnotes":""},"yoast_head":"<!-- This site is optimized with the Yoast SEO plugin v23.1 - https:\/\/yoast.com\/wordpress\/plugins\/seo\/ -->\n<title>KLAUZULA INFORMACYJNA DLA OSOBY OCZEKUJ\u0104CEJ NA PRZYJ\u0118CIE DO DOMU POMOCY SPO\u0141ECZNEJ - DPS D\u0119bno<\/title>\n<meta name=\"robots\" content=\"index, follow, max-snippet:-1, max-image-preview:large, max-video-preview:-1\" \/>\n<link rel=\"canonical\" href=\"https:\/\/dps-debno.pl\/index.php\/klauzula-informacyjna-dla-osoby-oczekujacej-na-przyjecie-do-domu-pomocy-spolecznej\/\" \/>\n<meta property=\"og:locale\" content=\"pl_PL\" \/>\n<meta property=\"og:type\" content=\"article\" \/>\n<meta property=\"og:title\" content=\"KLAUZULA INFORMACYJNA DLA OSOBY OCZEKUJ\u0104CEJ NA PRZYJ\u0118CIE DO DOMU POMOCY SPO\u0141ECZNEJ - DPS D\u0119bno\" \/>\n<meta property=\"og:description\" content=\"Zgodnie z art. 13 ust. 1 i 2 Rozporz\u0105dzenia Parlamentu Europejskiego i Rady (UE) 2016\/679 z dnia 27 kwietnia 2016 r. w sprawie ochrony os\u00f3b fizycznych w zwi\u0105zku z przetwarzaniem danych osobowych i w sprawie swobodnego przep\u0142ywu takich danych oraz uchylenia dyrektywy 95\/46\/WE (og\u00f3lne rozporz\u0105dzenie o ochronie danych) informuje, \u017ce:\" \/>\n<meta property=\"og:url\" content=\"https:\/\/dps-debno.pl\/index.php\/klauzula-informacyjna-dla-osoby-oczekujacej-na-przyjecie-do-domu-pomocy-spolecznej\/\" \/>\n<meta property=\"og:site_name\" content=\"DPS D\u0119bno\" \/>\n<meta property=\"og:image\" content=\"https:\/\/dps-debno.pl\/wp-content\/uploads\/2024\/07\/logo.webp\" \/>\n\t<meta property=\"og:image:width\" content=\"500\" \/>\n\t<meta property=\"og:image:height\" content=\"556\" \/>\n\t<meta property=\"og:image:type\" content=\"image\/webp\" \/>\n<meta name=\"twitter:card\" content=\"summary_large_image\" \/>\n<meta name=\"twitter:label1\" content=\"Szacowany czas czytania\" \/>\n\t<meta name=\"twitter:data1\" content=\"2 minuty\" \/>\n<script type=\"application\/ld+json\" class=\"yoast-schema-graph\">{\"@context\":\"https:\/\/schema.org\",\"@graph\":[{\"@type\":\"WebPage\",\"@id\":\"https:\/\/dps-debno.pl\/index.php\/klauzula-informacyjna-dla-osoby-oczekujacej-na-przyjecie-do-domu-pomocy-spolecznej\/\",\"url\":\"https:\/\/dps-debno.pl\/index.php\/klauzula-informacyjna-dla-osoby-oczekujacej-na-przyjecie-do-domu-pomocy-spolecznej\/\",\"name\":\"KLAUZULA INFORMACYJNA DLA OSOBY OCZEKUJ\u0104CEJ NA PRZYJ\u0118CIE DO DOMU POMOCY SPO\u0141ECZNEJ - DPS D\u0119bno\",\"isPartOf\":{\"@id\":\"https:\/\/dps-debno.pl\/#website\"},\"datePublished\":\"2024-07-15T14:57:35+00:00\",\"dateModified\":\"2024-07-15T14:57:35+00:00\",\"breadcrumb\":{\"@id\":\"https:\/\/dps-debno.pl\/index.php\/klauzula-informacyjna-dla-osoby-oczekujacej-na-przyjecie-do-domu-pomocy-spolecznej\/#breadcrumb\"},\"inLanguage\":\"pl-PL\",\"potentialAction\":[{\"@type\":\"ReadAction\",\"target\":[\"https:\/\/dps-debno.pl\/index.php\/klauzula-informacyjna-dla-osoby-oczekujacej-na-przyjecie-do-domu-pomocy-spolecznej\/\"]}]},{\"@type\":\"BreadcrumbList\",\"@id\":\"https:\/\/dps-debno.pl\/index.php\/klauzula-informacyjna-dla-osoby-oczekujacej-na-przyjecie-do-domu-pomocy-spolecznej\/#breadcrumb\",\"itemListElement\":[{\"@type\":\"ListItem\",\"position\":1,\"name\":\"Strona g\u0142\u00f3wna\",\"item\":\"https:\/\/dps-debno.pl\/\"},{\"@type\":\"ListItem\",\"position\":2,\"name\":\"KLAUZULA INFORMACYJNA DLA OSOBY OCZEKUJ\u0104CEJ NA PRZYJ\u0118CIE DO DOMU POMOCY SPO\u0141ECZNEJ\"}]},{\"@type\":\"WebSite\",\"@id\":\"https:\/\/dps-debno.pl\/#website\",\"url\":\"https:\/\/dps-debno.pl\/\",\"name\":\"DPS D\u0119bno\",\"description\":\"Dom Pomocy Spo\u0142ecznej w D\u0119bnie\",\"publisher\":{\"@id\":\"https:\/\/dps-debno.pl\/#organization\"},\"potentialAction\":[{\"@type\":\"SearchAction\",\"target\":{\"@type\":\"EntryPoint\",\"urlTemplate\":\"https:\/\/dps-debno.pl\/?s={search_term_string}\"},\"query-input\":\"required name=search_term_string\"}],\"inLanguage\":\"pl-PL\"},{\"@type\":\"Organization\",\"@id\":\"https:\/\/dps-debno.pl\/#organization\",\"name\":\"DPS D\u0119bno\",\"url\":\"https:\/\/dps-debno.pl\/\",\"logo\":{\"@type\":\"ImageObject\",\"inLanguage\":\"pl-PL\",\"@id\":\"https:\/\/dps-debno.pl\/#\/schema\/logo\/image\/\",\"url\":\"https:\/\/dps-debno.pl\/wp-content\/uploads\/2024\/05\/logo.webp\",\"contentUrl\":\"https:\/\/dps-debno.pl\/wp-content\/uploads\/2024\/05\/logo.webp\",\"width\":701,\"height\":779,\"caption\":\"DPS D\u0119bno\"},\"image\":{\"@id\":\"https:\/\/dps-debno.pl\/#\/schema\/logo\/image\/\"}}]}<\/script>\n<!-- \/ Yoast SEO plugin. -->","yoast_head_json":{"title":"KLAUZULA INFORMACYJNA DLA OSOBY OCZEKUJ\u0104CEJ NA PRZYJ\u0118CIE DO DOMU POMOCY SPO\u0141ECZNEJ - DPS D\u0119bno","robots":{"index":"index","follow":"follow","max-snippet":"max-snippet:-1","max-image-preview":"max-image-preview:large","max-video-preview":"max-video-preview:-1"},"canonical":"https:\/\/dps-debno.pl\/index.php\/klauzula-informacyjna-dla-osoby-oczekujacej-na-przyjecie-do-domu-pomocy-spolecznej\/","og_locale":"pl_PL","og_type":"article","og_title":"KLAUZULA INFORMACYJNA DLA OSOBY OCZEKUJ\u0104CEJ NA PRZYJ\u0118CIE DO DOMU POMOCY SPO\u0141ECZNEJ - DPS D\u0119bno","og_description":"Zgodnie z art. 13 ust. 1 i 2 Rozporz\u0105dzenia Parlamentu Europejskiego i Rady (UE) 2016\/679 z dnia 27 kwietnia 2016 r. w sprawie ochrony os\u00f3b fizycznych w zwi\u0105zku z przetwarzaniem danych osobowych i w sprawie swobodnego przep\u0142ywu takich danych oraz uchylenia dyrektywy 95\/46\/WE (og\u00f3lne rozporz\u0105dzenie o ochronie danych) informuje, \u017ce:","og_url":"https:\/\/dps-debno.pl\/index.php\/klauzula-informacyjna-dla-osoby-oczekujacej-na-przyjecie-do-domu-pomocy-spolecznej\/","og_site_name":"DPS D\u0119bno","og_image":[{"width":500,"height":556,"url":"https:\/\/dps-debno.pl\/wp-content\/uploads\/2024\/07\/logo.webp","type":"image\/webp"}],"twitter_card":"summary_large_image","twitter_misc":{"Szacowany czas czytania":"2 minuty"},"schema":{"@context":"https:\/\/schema.org","@graph":[{"@type":"WebPage","@id":"https:\/\/dps-debno.pl\/index.php\/klauzula-informacyjna-dla-osoby-oczekujacej-na-przyjecie-do-domu-pomocy-spolecznej\/","url":"https:\/\/dps-debno.pl\/index.php\/klauzula-informacyjna-dla-osoby-oczekujacej-na-przyjecie-do-domu-pomocy-spolecznej\/","name":"KLAUZULA INFORMACYJNA DLA OSOBY OCZEKUJ\u0104CEJ NA PRZYJ\u0118CIE DO DOMU POMOCY SPO\u0141ECZNEJ - DPS D\u0119bno","isPartOf":{"@id":"https:\/\/dps-debno.pl\/#website"},"datePublished":"2024-07-15T14:57:35+00:00","dateModified":"2024-07-15T14:57:35+00:00","breadcrumb":{"@id":"https:\/\/dps-debno.pl\/index.php\/klauzula-informacyjna-dla-osoby-oczekujacej-na-przyjecie-do-domu-pomocy-spolecznej\/#breadcrumb"},"inLanguage":"pl-PL","potentialAction":[{"@type":"ReadAction","target":["https:\/\/dps-debno.pl\/index.php\/klauzula-informacyjna-dla-osoby-oczekujacej-na-przyjecie-do-domu-pomocy-spolecznej\/"]}]},{"@type":"BreadcrumbList","@id":"https:\/\/dps-debno.pl\/index.php\/klauzula-informacyjna-dla-osoby-oczekujacej-na-przyjecie-do-domu-pomocy-spolecznej\/#breadcrumb","itemListElement":[{"@type":"ListItem","position":1,"name":"Strona g\u0142\u00f3wna","item":"https:\/\/dps-debno.pl\/"},{"@type":"ListItem","position":2,"name":"KLAUZULA INFORMACYJNA DLA OSOBY OCZEKUJ\u0104CEJ NA PRZYJ\u0118CIE DO DOMU POMOCY SPO\u0141ECZNEJ"}]},{"@type":"WebSite","@id":"https:\/\/dps-debno.pl\/#website","url":"https:\/\/dps-debno.pl\/","name":"DPS D\u0119bno","description":"Dom Pomocy Spo\u0142ecznej w D\u0119bnie","publisher":{"@id":"https:\/\/dps-debno.pl\/#organization"},"potentialAction":[{"@type":"SearchAction","target":{"@type":"EntryPoint","urlTemplate":"https:\/\/dps-debno.pl\/?s={search_term_string}"},"query-input":"required name=search_term_string"}],"inLanguage":"pl-PL"},{"@type":"Organization","@id":"https:\/\/dps-debno.pl\/#organization","name":"DPS D\u0119bno","url":"https:\/\/dps-debno.pl\/","logo":{"@type":"ImageObject","inLanguage":"pl-PL","@id":"https:\/\/dps-debno.pl\/#\/schema\/logo\/image\/","url":"https:\/\/dps-debno.pl\/wp-content\/uploads\/2024\/05\/logo.webp","contentUrl":"https:\/\/dps-debno.pl\/wp-content\/uploads\/2024\/05\/logo.webp","width":701,"height":779,"caption":"DPS D\u0119bno"},"image":{"@id":"https:\/\/dps-debno.pl\/#\/schema\/logo\/image\/"}}]}},"_links":{"self":[{"href":"https:\/\/dps-debno.pl\/index.php\/wp-json\/wp\/v2\/pages\/863"}],"collection":[{"href":"https:\/\/dps-debno.pl\/index.php\/wp-json\/wp\/v2\/pages"}],"about":[{"href":"https:\/\/dps-debno.pl\/index.php\/wp-json\/wp\/v2\/types\/page"}],"author":[{"embeddable":true,"href":"https:\/\/dps-debno.pl\/index.php\/wp-json\/wp\/v2\/users\/1"}],"replies":[{"embeddable":true,"href":"https:\/\/dps-debno.pl\/index.php\/wp-json\/wp\/v2\/comments?post=863"}],"version-history":[{"count":1,"href":"https:\/\/dps-debno.pl\/index.php\/wp-json\/wp\/v2\/pages\/863\/revisions"}],"predecessor-version":[{"id":868,"href":"https:\/\/dps-debno.pl\/index.php\/wp-json\/wp\/v2\/pages\/863\/revisions\/868"}],"wp:attachment":[{"href":"https:\/\/dps-debno.pl\/index.php\/wp-json\/wp\/v2\/media?parent=863"}],"curies":[{"name":"wp","href":"https:\/\/api.w.org\/{rel}","templated":true}]}}