{"id":856,"date":"2024-07-15T14:59:01","date_gmt":"2024-07-15T14:59:01","guid":{"rendered":"https:\/\/dps-debno.pl\/?page_id=856"},"modified":"2024-07-15T14:59:01","modified_gmt":"2024-07-15T14:59:01","slug":"klauzula-informacyjna-dla-praktykantow-stazystow","status":"publish","type":"page","link":"https:\/\/dps-debno.pl\/index.php\/klauzula-informacyjna-dla-praktykantow-stazystow\/","title":{"rendered":"KLAUZULA INFORMACYJNA DLA PRAKTYKANT\u00d3W\/STA\u017bYST\u00d3W"},"content":{"rendered":"\n<p>Zgodnie z art. 13 ust. 1 i 2 rozporz\u0105dzenia Parlamentu Europejskiego i Rady (UE) 2016\/679 z dnia 27 kwietnia 2016 r. w sprawie ochrony os\u00f3b fizycznych w zwi\u0105zku z przetwarzaniem danych osobowych i w sprawie swobodnego przep\u0142ywu takich danych oraz uchylenia dyrektywy 95\/46\/WE (og\u00f3lne rozporz\u0105dzenie o ochronie danych) zwane dalej \u201eRODO\u201d informuj\u0119, \u017ce:<\/p>\n\n\n\n<ol>\n<li><strong>Administratorem Pani\/Pana danych osobowych<\/strong> jest Dom Pomocy Spo\u0142ecznej<br>w D\u0119bnie, D\u0119bno 27, 89-310 \u0141ob\u017cenica e- mail: <a href=\"mailto:%20dps@dps-debno.pl\">dps@dps-debno.pl<\/a>, tel. 67 286-18-20, imieniu, kt\u00f3rego dzia\u0142a Dyrektor tego Domu (dalej: \u201e<strong>Administrator<\/strong>\u201d).<\/li>\n\n\n\n<li><strong>Kontakt z inspektorem ochrony danych osobowych<\/strong> na adres siedziby administratora lub e-mail: iodo@sys-it.pl<\/li>\n\n\n\n<li>Podstaw\u0105 przetwarzania jest:<\/li>\n\n\n\n<li>art. 6 ust.1 lit. a) RODO \u2014 tj. Zgoda w zakresie udost\u0119pnienia: numeru telefonu oraz adresy e mail w celu utrzymania kontaktu z praktykantem\/sta\u017cyst\u0105 w sprawach dot. organizacji praktyki\/sta\u017cu, a tak\u017ce w zakresie wizerunku w celu promocji dzia\u0142alno\u015bci DPS. Ka\u017cda osoba, kt\u00f3rej dane s\u0105 przetwarzane na podstawie wyra\u017conej zgody, posiada prawo do jej cofni\u0119cia w dowolnym momencie, bez wzgl\u0119du na przetwarzanie danych do momentu jej cofania. Brak zgody na przetwarzanie ww. danych lub &#8222;cofanie zgody nie b\u0119dzie powodowa\u0142o jakichkolwiek negatywnych konsekwencji w stosunku do pracownika.<\/li>\n\n\n\n<li>art. 6 ust. 1 lit. b) RODO \u2014 przetwarzanie jest niezb\u0119dne do wykonania umowy praktyki\/sta\u017cu<\/li>\n\n\n\n<li>art. 9 ust. 2 lit. b) RODO- przetwarzanie jest niezb\u0119dne do wype\u0142nienia obowi\u0105zk\u00f3w i wykonywania szczeg\u00f3lnych praw przez administratora lub osob\u0119, kt\u00f3rej dane dotycz\u0105, w dziedzinie prawa pracy, zabezpieczenia spo\u0142ecznego i ochrony socjalnej, w zakresie danych dotycz\u0105cych zdrowia. \u00a0\u00a0<\/li>\n\n\n\n<li>Podanie danych jest obowi\u0105zkowe i niezb\u0119dne w celu zawarcia umowy o prac\u0119 i realizacji obowi\u0105zk\u00f3w administratora zwi\u0105zanych z zatrudnieniem, w przypadku ich niepodania niemo\u017cliwe b\u0119dzie zawarcie stosunku pracy lub korzystanie z praw pracowniczych.<\/li>\n\n\n\n<li>Pana\/Pani dane osobowe mog\u0105 by\u0107 przekazywane podmiotom, z kt\u00f3rymi administrator zawar\u0142 umowy powierzenia przetwarzania danych osobowych, a tak\u017ce podmiotom uprawnionym na podstawie przepis\u00f3w prawa.<\/li>\n\n\n\n<li>Posiada Pan\/Pani prawo do \u017c\u0105dania od administratora dost\u0119pu do swoich danych osobowych, ich sprostowania, usuni\u0119cia lub ograniczenia ich przetwarzania, przenoszenia \u2014 w granicach okre\u015blonych rozporz\u0105dzeniem RODO, a tak\u017ce prawo do wniesienia skargi do organu nadzorczego Prezesa Urz\u0119du Ochrony Danych Osobowych.<\/li>\n\n\n\n<li>Dane osobowe nie b\u0119d\u0105 przekazywane do pa\u0144stwa trzeciego lub organizacji mi\u0119dzynarodowej.<\/li>\n\n\n\n<li>Pana\/Pani dane osobowe nie podlegaj\u0105 zautomatyzowanemu podejmowaniu decyzji, w tym profilowaniu.<\/li>\n\n\n\n<li>Pana\/Pani dane osobowe b\u0119d\u0105 przechowywane do czasu ustania praktyki\/sta\u017cu, a nast\u0119pnie przez okres 10 lat. Dane przetwarzane na podstawie Pana\/ Pani zgody przechowywane b\u0119d\u0105 do czasu jej wycofania lub ustania celu, dla kt\u00f3rego zosta\u0142y zebrane.<\/li>\n<\/ol>\n","protected":false},"excerpt":{"rendered":"<p>Zgodnie z art. 13 ust. 1 i 2 rozporz\u0105dzenia Parlamentu Europejskiego i Rady (UE) 2016\/679 z dnia 27 kwietnia 2016 r. w sprawie ochrony os\u00f3b fizycznych w zwi\u0105zku z przetwarzaniem danych osobowych i w sprawie swobodnego przep\u0142ywu takich danych oraz uchylenia dyrektywy 95\/46\/WE (og\u00f3lne rozporz\u0105dzenie o ochronie danych) zwane dalej \u201eRODO\u201d informuj\u0119, \u017ce:<\/p>\n","protected":false},"author":1,"featured_media":0,"parent":0,"menu_order":0,"comment_status":"closed","ping_status":"closed","template":"","meta":{"footnotes":""},"yoast_head":"<!-- This site is optimized with the Yoast SEO plugin v23.1 - https:\/\/yoast.com\/wordpress\/plugins\/seo\/ -->\n<title>KLAUZULA INFORMACYJNA DLA PRAKTYKANT\u00d3W\/STA\u017bYST\u00d3W - DPS D\u0119bno<\/title>\n<meta name=\"robots\" content=\"index, follow, max-snippet:-1, max-image-preview:large, max-video-preview:-1\" \/>\n<link rel=\"canonical\" href=\"https:\/\/dps-debno.pl\/index.php\/klauzula-informacyjna-dla-praktykantow-stazystow\/\" \/>\n<meta property=\"og:locale\" content=\"pl_PL\" \/>\n<meta property=\"og:type\" content=\"article\" \/>\n<meta property=\"og:title\" content=\"KLAUZULA INFORMACYJNA DLA PRAKTYKANT\u00d3W\/STA\u017bYST\u00d3W - DPS D\u0119bno\" \/>\n<meta property=\"og:description\" content=\"Zgodnie z art. 13 ust. 1 i 2 rozporz\u0105dzenia Parlamentu Europejskiego i Rady (UE) 2016\/679 z dnia 27 kwietnia 2016 r. w sprawie ochrony os\u00f3b fizycznych w zwi\u0105zku z przetwarzaniem danych osobowych i w sprawie swobodnego przep\u0142ywu takich danych oraz uchylenia dyrektywy 95\/46\/WE (og\u00f3lne rozporz\u0105dzenie o ochronie danych) zwane dalej \u201eRODO\u201d informuj\u0119, \u017ce:\" \/>\n<meta property=\"og:url\" content=\"https:\/\/dps-debno.pl\/index.php\/klauzula-informacyjna-dla-praktykantow-stazystow\/\" \/>\n<meta property=\"og:site_name\" content=\"DPS D\u0119bno\" \/>\n<meta property=\"og:image\" content=\"https:\/\/dps-debno.pl\/wp-content\/uploads\/2024\/07\/logo.webp\" \/>\n\t<meta property=\"og:image:width\" content=\"500\" \/>\n\t<meta property=\"og:image:height\" content=\"556\" \/>\n\t<meta property=\"og:image:type\" content=\"image\/webp\" \/>\n<meta name=\"twitter:card\" content=\"summary_large_image\" \/>\n<meta name=\"twitter:label1\" content=\"Szacowany czas czytania\" \/>\n\t<meta name=\"twitter:data1\" content=\"2 minuty\" \/>\n<script type=\"application\/ld+json\" class=\"yoast-schema-graph\">{\"@context\":\"https:\/\/schema.org\",\"@graph\":[{\"@type\":\"WebPage\",\"@id\":\"https:\/\/dps-debno.pl\/index.php\/klauzula-informacyjna-dla-praktykantow-stazystow\/\",\"url\":\"https:\/\/dps-debno.pl\/index.php\/klauzula-informacyjna-dla-praktykantow-stazystow\/\",\"name\":\"KLAUZULA INFORMACYJNA DLA PRAKTYKANT\u00d3W\/STA\u017bYST\u00d3W - DPS D\u0119bno\",\"isPartOf\":{\"@id\":\"https:\/\/dps-debno.pl\/#website\"},\"datePublished\":\"2024-07-15T14:59:01+00:00\",\"dateModified\":\"2024-07-15T14:59:01+00:00\",\"breadcrumb\":{\"@id\":\"https:\/\/dps-debno.pl\/index.php\/klauzula-informacyjna-dla-praktykantow-stazystow\/#breadcrumb\"},\"inLanguage\":\"pl-PL\",\"potentialAction\":[{\"@type\":\"ReadAction\",\"target\":[\"https:\/\/dps-debno.pl\/index.php\/klauzula-informacyjna-dla-praktykantow-stazystow\/\"]}]},{\"@type\":\"BreadcrumbList\",\"@id\":\"https:\/\/dps-debno.pl\/index.php\/klauzula-informacyjna-dla-praktykantow-stazystow\/#breadcrumb\",\"itemListElement\":[{\"@type\":\"ListItem\",\"position\":1,\"name\":\"Strona g\u0142\u00f3wna\",\"item\":\"https:\/\/dps-debno.pl\/\"},{\"@type\":\"ListItem\",\"position\":2,\"name\":\"KLAUZULA INFORMACYJNA DLA PRAKTYKANT\u00d3W\/STA\u017bYST\u00d3W\"}]},{\"@type\":\"WebSite\",\"@id\":\"https:\/\/dps-debno.pl\/#website\",\"url\":\"https:\/\/dps-debno.pl\/\",\"name\":\"DPS D\u0119bno\",\"description\":\"Dom Pomocy Spo\u0142ecznej w D\u0119bnie\",\"publisher\":{\"@id\":\"https:\/\/dps-debno.pl\/#organization\"},\"potentialAction\":[{\"@type\":\"SearchAction\",\"target\":{\"@type\":\"EntryPoint\",\"urlTemplate\":\"https:\/\/dps-debno.pl\/?s={search_term_string}\"},\"query-input\":\"required name=search_term_string\"}],\"inLanguage\":\"pl-PL\"},{\"@type\":\"Organization\",\"@id\":\"https:\/\/dps-debno.pl\/#organization\",\"name\":\"DPS D\u0119bno\",\"url\":\"https:\/\/dps-debno.pl\/\",\"logo\":{\"@type\":\"ImageObject\",\"inLanguage\":\"pl-PL\",\"@id\":\"https:\/\/dps-debno.pl\/#\/schema\/logo\/image\/\",\"url\":\"https:\/\/dps-debno.pl\/wp-content\/uploads\/2024\/05\/logo.webp\",\"contentUrl\":\"https:\/\/dps-debno.pl\/wp-content\/uploads\/2024\/05\/logo.webp\",\"width\":701,\"height\":779,\"caption\":\"DPS D\u0119bno\"},\"image\":{\"@id\":\"https:\/\/dps-debno.pl\/#\/schema\/logo\/image\/\"}}]}<\/script>\n<!-- \/ Yoast SEO plugin. -->","yoast_head_json":{"title":"KLAUZULA INFORMACYJNA DLA PRAKTYKANT\u00d3W\/STA\u017bYST\u00d3W - DPS D\u0119bno","robots":{"index":"index","follow":"follow","max-snippet":"max-snippet:-1","max-image-preview":"max-image-preview:large","max-video-preview":"max-video-preview:-1"},"canonical":"https:\/\/dps-debno.pl\/index.php\/klauzula-informacyjna-dla-praktykantow-stazystow\/","og_locale":"pl_PL","og_type":"article","og_title":"KLAUZULA INFORMACYJNA DLA PRAKTYKANT\u00d3W\/STA\u017bYST\u00d3W - DPS D\u0119bno","og_description":"Zgodnie z art. 13 ust. 1 i 2 rozporz\u0105dzenia Parlamentu Europejskiego i Rady (UE) 2016\/679 z dnia 27 kwietnia 2016 r. w sprawie ochrony os\u00f3b fizycznych w zwi\u0105zku z przetwarzaniem danych osobowych i w sprawie swobodnego przep\u0142ywu takich danych oraz uchylenia dyrektywy 95\/46\/WE (og\u00f3lne rozporz\u0105dzenie o ochronie danych) zwane dalej \u201eRODO\u201d informuj\u0119, \u017ce:","og_url":"https:\/\/dps-debno.pl\/index.php\/klauzula-informacyjna-dla-praktykantow-stazystow\/","og_site_name":"DPS D\u0119bno","og_image":[{"width":500,"height":556,"url":"https:\/\/dps-debno.pl\/wp-content\/uploads\/2024\/07\/logo.webp","type":"image\/webp"}],"twitter_card":"summary_large_image","twitter_misc":{"Szacowany czas czytania":"2 minuty"},"schema":{"@context":"https:\/\/schema.org","@graph":[{"@type":"WebPage","@id":"https:\/\/dps-debno.pl\/index.php\/klauzula-informacyjna-dla-praktykantow-stazystow\/","url":"https:\/\/dps-debno.pl\/index.php\/klauzula-informacyjna-dla-praktykantow-stazystow\/","name":"KLAUZULA INFORMACYJNA DLA PRAKTYKANT\u00d3W\/STA\u017bYST\u00d3W - DPS D\u0119bno","isPartOf":{"@id":"https:\/\/dps-debno.pl\/#website"},"datePublished":"2024-07-15T14:59:01+00:00","dateModified":"2024-07-15T14:59:01+00:00","breadcrumb":{"@id":"https:\/\/dps-debno.pl\/index.php\/klauzula-informacyjna-dla-praktykantow-stazystow\/#breadcrumb"},"inLanguage":"pl-PL","potentialAction":[{"@type":"ReadAction","target":["https:\/\/dps-debno.pl\/index.php\/klauzula-informacyjna-dla-praktykantow-stazystow\/"]}]},{"@type":"BreadcrumbList","@id":"https:\/\/dps-debno.pl\/index.php\/klauzula-informacyjna-dla-praktykantow-stazystow\/#breadcrumb","itemListElement":[{"@type":"ListItem","position":1,"name":"Strona g\u0142\u00f3wna","item":"https:\/\/dps-debno.pl\/"},{"@type":"ListItem","position":2,"name":"KLAUZULA INFORMACYJNA DLA PRAKTYKANT\u00d3W\/STA\u017bYST\u00d3W"}]},{"@type":"WebSite","@id":"https:\/\/dps-debno.pl\/#website","url":"https:\/\/dps-debno.pl\/","name":"DPS D\u0119bno","description":"Dom Pomocy Spo\u0142ecznej w D\u0119bnie","publisher":{"@id":"https:\/\/dps-debno.pl\/#organization"},"potentialAction":[{"@type":"SearchAction","target":{"@type":"EntryPoint","urlTemplate":"https:\/\/dps-debno.pl\/?s={search_term_string}"},"query-input":"required name=search_term_string"}],"inLanguage":"pl-PL"},{"@type":"Organization","@id":"https:\/\/dps-debno.pl\/#organization","name":"DPS D\u0119bno","url":"https:\/\/dps-debno.pl\/","logo":{"@type":"ImageObject","inLanguage":"pl-PL","@id":"https:\/\/dps-debno.pl\/#\/schema\/logo\/image\/","url":"https:\/\/dps-debno.pl\/wp-content\/uploads\/2024\/05\/logo.webp","contentUrl":"https:\/\/dps-debno.pl\/wp-content\/uploads\/2024\/05\/logo.webp","width":701,"height":779,"caption":"DPS D\u0119bno"},"image":{"@id":"https:\/\/dps-debno.pl\/#\/schema\/logo\/image\/"}}]}},"_links":{"self":[{"href":"https:\/\/dps-debno.pl\/index.php\/wp-json\/wp\/v2\/pages\/856"}],"collection":[{"href":"https:\/\/dps-debno.pl\/index.php\/wp-json\/wp\/v2\/pages"}],"about":[{"href":"https:\/\/dps-debno.pl\/index.php\/wp-json\/wp\/v2\/types\/page"}],"author":[{"embeddable":true,"href":"https:\/\/dps-debno.pl\/index.php\/wp-json\/wp\/v2\/users\/1"}],"replies":[{"embeddable":true,"href":"https:\/\/dps-debno.pl\/index.php\/wp-json\/wp\/v2\/comments?post=856"}],"version-history":[{"count":1,"href":"https:\/\/dps-debno.pl\/index.php\/wp-json\/wp\/v2\/pages\/856\/revisions"}],"predecessor-version":[{"id":875,"href":"https:\/\/dps-debno.pl\/index.php\/wp-json\/wp\/v2\/pages\/856\/revisions\/875"}],"wp:attachment":[{"href":"https:\/\/dps-debno.pl\/index.php\/wp-json\/wp\/v2\/media?parent=856"}],"curies":[{"name":"wp","href":"https:\/\/api.w.org\/{rel}","templated":true}]}}