{"id":855,"date":"2024-07-15T14:56:39","date_gmt":"2024-07-15T14:56:39","guid":{"rendered":"https:\/\/dps-debno.pl\/?page_id=855"},"modified":"2024-07-15T14:56:39","modified_gmt":"2024-07-15T14:56:39","slug":"klauzula-informacyjna-dla-darczyncow","status":"publish","type":"page","link":"https:\/\/dps-debno.pl\/index.php\/klauzula-informacyjna-dla-darczyncow\/","title":{"rendered":"Klauzula informacyjna dla Darczy\u0144c\u00f3w"},"content":{"rendered":"\n<p>Zgodnie z art. 13 ust. 1 i 2 Rozporz\u0105dzenia Parlamentu Europejskiego i Rady (UE) 2016\/679 z dnia 27 kwietnia 2016 r. w sprawie ochrony os\u00f3b fizycznych w zwi\u0105zku z przetwarzaniem danych osobowych i w sprawie swobodnego przep\u0142ywu takich danych oraz uchylenia dyrektywy 95\/46\/WE (og\u00f3lne rozporz\u0105dzenie o ochronie danych) informuj\u0119, \u017ce:<\/p>\n\n\n\n<ol>\n<li><strong>Administratorem Pani\/Pana danych osobowych<\/strong> jest Dom Pomocy Spo\u0142ecznej w D\u0119bnie, D\u0119bno 27, 89-310 \u0141ob\u017cenica e- mail: <a href=\"mailto:%20dps@dps-debno.pl\">dps@dps-debno.pl<\/a>, tel. 67 286-18-20, imieniu, kt\u00f3rego dzia\u0142a Dyrektor tego Domu (dalej: \u201e<strong>Administrator<\/strong>\u201d).<\/li>\n\n\n\n<li><strong>Kontakt z inspektorem ochrony danych osobowych<\/strong> na adres siedziby administratora lub e-mail: iodo@sys-it.pl<\/li>\n\n\n\n<li><strong>Administrator b\u0119dzie przetwarza\u0142 Pa\u0144stwa dane w celu: <\/strong><ol><li>realizacji umowy, jak\u0105 zgodnie z Kodeksem Cywilnym jest darowizna, na podstawie art. 6 ust. 1 lit. b RODO,\u00a0<\/li><\/ol><ol><li>wype\u0142nienia obowi\u0105zku ci\u0105\u017c\u0105cego na Administratorze wynikaj\u0105cego z ustawy o rachunkowo\u015bci na podstawie art. 6 ust.1 lit. c RODO,\u00a0<\/li><\/ol>\n<ol>\n<li>realizacji prawnie uzasadnionego interesu Administratora, jakim jest wys\u0142anie podzi\u0119kowania za wp\u0142at\u0119 darowizny na podstawie art. 6 ust. 1 lit. f RODO.<\/li>\n<\/ol>\n<\/li>\n<\/ol>\n\n\n\n<p>Podanie danych jest dobrowolne, lecz niezb\u0119dne w celu wykonania umowy darowizny.<\/p>\n\n\n\n<p><strong>4. Dane osobowe mog\u0105 by\u0107 udost\u0119pnione<\/strong> innym uprawionym podmiotom na podstawie przepis\u00f3w prawa, a tak\u017ce na rzecz podmiot\u00f3w, z kt\u00f3rymi administrator zawar\u0142 umow\u0119 powierzania przetwarzania danych w zwi\u0105zku z realizacj\u0105 us\u0142ug na rzecz administratora (np. dostawc\u0105 oprogramowania, zleceniobiorc\u0105 \u015bwiadcz\u0105cych us\u0142ug z zakresu ochrony danych osobowych, serwisu informatycznego)<\/p>\n\n\n\n<p><strong>5.&nbsp; Posiada Pani\/Pan prawo do \u017c\u0105dania od Administratora<\/strong> dost\u0119pu do tre\u015bci swoich danych, ich sprostowania, usuni\u0119cia lub ograniczenia ich przetwarzania, przenoszenia \u2013 w granicach okre\u015blonych rozporz\u0105dzeniem RODO, a tak\u017ce prawo do wniesienia skargi do organu nadzorczego danych- do Prezesa Urz\u0119du Ochrony Danych Osobowych, gdy uzna Pani\/Pan, i\u017c przetwarzanie Pani\/Pana danych osobowych narusza przepisy.<\/p>\n\n\n\n<p><strong>6. Dane osobowe nie b\u0119d\u0105 przekazywane<\/strong> do pa\u0144stwa trzeciego lub organizacji mi\u0119dzynarodowej.<\/p>\n\n\n\n<p><strong>7. Pani\/Pana dane nie podlegaj\u0105 <\/strong>zautomatyzowanemu podejmowaniu decyzji, w tym profilowaniu.<\/p>\n\n\n\n<p><strong>8.&nbsp;&nbsp; Pani\/Pana danie osobowe b\u0119d\u0105 przechowywane <\/strong>przez okres obowi\u0105zywania umowy, a nast\u0119pnie przez czas okre\u015blony w rozporz\u0105dzeniu w sprawie instrukcji kancelaryjnej, Jednolitych rzeczowych wykaz\u00f3w akt oraz w instrukcji w sprawie organizacji i zakresu dzia\u0142ania archiwum zak\u0142adowego<\/p>\n","protected":false},"excerpt":{"rendered":"<p>Zgodnie z art. 13 ust. 1 i 2 Rozporz\u0105dzenia Parlamentu Europejskiego i Rady (UE) 2016\/679 z dnia 27 kwietnia 2016 r. w sprawie ochrony os\u00f3b fizycznych w zwi\u0105zku z przetwarzaniem danych osobowych i w sprawie swobodnego przep\u0142ywu takich danych oraz uchylenia dyrektywy 95\/46\/WE (og\u00f3lne rozporz\u0105dzenie o ochronie danych) informuj\u0119, \u017ce: Podanie danych jest dobrowolne, lecz [&hellip;]<\/p>\n","protected":false},"author":1,"featured_media":0,"parent":0,"menu_order":0,"comment_status":"closed","ping_status":"closed","template":"","meta":{"footnotes":""},"yoast_head":"<!-- This site is optimized with the Yoast SEO plugin v23.1 - https:\/\/yoast.com\/wordpress\/plugins\/seo\/ -->\n<title>Klauzula informacyjna dla Darczy\u0144c\u00f3w - DPS D\u0119bno<\/title>\n<meta name=\"robots\" content=\"index, follow, max-snippet:-1, max-image-preview:large, max-video-preview:-1\" \/>\n<link rel=\"canonical\" href=\"https:\/\/dps-debno.pl\/index.php\/klauzula-informacyjna-dla-darczyncow\/\" \/>\n<meta property=\"og:locale\" content=\"pl_PL\" \/>\n<meta property=\"og:type\" content=\"article\" \/>\n<meta property=\"og:title\" content=\"Klauzula informacyjna dla Darczy\u0144c\u00f3w - DPS D\u0119bno\" \/>\n<meta property=\"og:description\" content=\"Zgodnie z art. 13 ust. 1 i 2 Rozporz\u0105dzenia Parlamentu Europejskiego i Rady (UE) 2016\/679 z dnia 27 kwietnia 2016 r. w sprawie ochrony os\u00f3b fizycznych w zwi\u0105zku z przetwarzaniem danych osobowych i w sprawie swobodnego przep\u0142ywu takich danych oraz uchylenia dyrektywy 95\/46\/WE (og\u00f3lne rozporz\u0105dzenie o ochronie danych) informuj\u0119, \u017ce: Podanie danych jest dobrowolne, lecz [&hellip;]\" \/>\n<meta property=\"og:url\" content=\"https:\/\/dps-debno.pl\/index.php\/klauzula-informacyjna-dla-darczyncow\/\" \/>\n<meta property=\"og:site_name\" content=\"DPS D\u0119bno\" \/>\n<meta property=\"og:image\" content=\"https:\/\/dps-debno.pl\/wp-content\/uploads\/2024\/07\/logo.webp\" \/>\n\t<meta property=\"og:image:width\" content=\"500\" \/>\n\t<meta property=\"og:image:height\" content=\"556\" \/>\n\t<meta property=\"og:image:type\" content=\"image\/webp\" \/>\n<meta name=\"twitter:card\" content=\"summary_large_image\" \/>\n<meta name=\"twitter:label1\" content=\"Szacowany czas czytania\" \/>\n\t<meta name=\"twitter:data1\" content=\"2 minuty\" \/>\n<script type=\"application\/ld+json\" class=\"yoast-schema-graph\">{\"@context\":\"https:\/\/schema.org\",\"@graph\":[{\"@type\":\"WebPage\",\"@id\":\"https:\/\/dps-debno.pl\/index.php\/klauzula-informacyjna-dla-darczyncow\/\",\"url\":\"https:\/\/dps-debno.pl\/index.php\/klauzula-informacyjna-dla-darczyncow\/\",\"name\":\"Klauzula informacyjna dla Darczy\u0144c\u00f3w - DPS D\u0119bno\",\"isPartOf\":{\"@id\":\"https:\/\/dps-debno.pl\/#website\"},\"datePublished\":\"2024-07-15T14:56:39+00:00\",\"dateModified\":\"2024-07-15T14:56:39+00:00\",\"breadcrumb\":{\"@id\":\"https:\/\/dps-debno.pl\/index.php\/klauzula-informacyjna-dla-darczyncow\/#breadcrumb\"},\"inLanguage\":\"pl-PL\",\"potentialAction\":[{\"@type\":\"ReadAction\",\"target\":[\"https:\/\/dps-debno.pl\/index.php\/klauzula-informacyjna-dla-darczyncow\/\"]}]},{\"@type\":\"BreadcrumbList\",\"@id\":\"https:\/\/dps-debno.pl\/index.php\/klauzula-informacyjna-dla-darczyncow\/#breadcrumb\",\"itemListElement\":[{\"@type\":\"ListItem\",\"position\":1,\"name\":\"Strona g\u0142\u00f3wna\",\"item\":\"https:\/\/dps-debno.pl\/\"},{\"@type\":\"ListItem\",\"position\":2,\"name\":\"Klauzula informacyjna dla Darczy\u0144c\u00f3w\"}]},{\"@type\":\"WebSite\",\"@id\":\"https:\/\/dps-debno.pl\/#website\",\"url\":\"https:\/\/dps-debno.pl\/\",\"name\":\"DPS D\u0119bno\",\"description\":\"Dom Pomocy Spo\u0142ecznej w D\u0119bnie\",\"publisher\":{\"@id\":\"https:\/\/dps-debno.pl\/#organization\"},\"potentialAction\":[{\"@type\":\"SearchAction\",\"target\":{\"@type\":\"EntryPoint\",\"urlTemplate\":\"https:\/\/dps-debno.pl\/?s={search_term_string}\"},\"query-input\":\"required name=search_term_string\"}],\"inLanguage\":\"pl-PL\"},{\"@type\":\"Organization\",\"@id\":\"https:\/\/dps-debno.pl\/#organization\",\"name\":\"DPS D\u0119bno\",\"url\":\"https:\/\/dps-debno.pl\/\",\"logo\":{\"@type\":\"ImageObject\",\"inLanguage\":\"pl-PL\",\"@id\":\"https:\/\/dps-debno.pl\/#\/schema\/logo\/image\/\",\"url\":\"https:\/\/dps-debno.pl\/wp-content\/uploads\/2024\/05\/logo.webp\",\"contentUrl\":\"https:\/\/dps-debno.pl\/wp-content\/uploads\/2024\/05\/logo.webp\",\"width\":701,\"height\":779,\"caption\":\"DPS D\u0119bno\"},\"image\":{\"@id\":\"https:\/\/dps-debno.pl\/#\/schema\/logo\/image\/\"}}]}<\/script>\n<!-- \/ Yoast SEO plugin. -->","yoast_head_json":{"title":"Klauzula informacyjna dla Darczy\u0144c\u00f3w - DPS D\u0119bno","robots":{"index":"index","follow":"follow","max-snippet":"max-snippet:-1","max-image-preview":"max-image-preview:large","max-video-preview":"max-video-preview:-1"},"canonical":"https:\/\/dps-debno.pl\/index.php\/klauzula-informacyjna-dla-darczyncow\/","og_locale":"pl_PL","og_type":"article","og_title":"Klauzula informacyjna dla Darczy\u0144c\u00f3w - DPS D\u0119bno","og_description":"Zgodnie z art. 13 ust. 1 i 2 Rozporz\u0105dzenia Parlamentu Europejskiego i Rady (UE) 2016\/679 z dnia 27 kwietnia 2016 r. w sprawie ochrony os\u00f3b fizycznych w zwi\u0105zku z przetwarzaniem danych osobowych i w sprawie swobodnego przep\u0142ywu takich danych oraz uchylenia dyrektywy 95\/46\/WE (og\u00f3lne rozporz\u0105dzenie o ochronie danych) informuj\u0119, \u017ce: Podanie danych jest dobrowolne, lecz [&hellip;]","og_url":"https:\/\/dps-debno.pl\/index.php\/klauzula-informacyjna-dla-darczyncow\/","og_site_name":"DPS D\u0119bno","og_image":[{"width":500,"height":556,"url":"https:\/\/dps-debno.pl\/wp-content\/uploads\/2024\/07\/logo.webp","type":"image\/webp"}],"twitter_card":"summary_large_image","twitter_misc":{"Szacowany czas czytania":"2 minuty"},"schema":{"@context":"https:\/\/schema.org","@graph":[{"@type":"WebPage","@id":"https:\/\/dps-debno.pl\/index.php\/klauzula-informacyjna-dla-darczyncow\/","url":"https:\/\/dps-debno.pl\/index.php\/klauzula-informacyjna-dla-darczyncow\/","name":"Klauzula informacyjna dla Darczy\u0144c\u00f3w - DPS D\u0119bno","isPartOf":{"@id":"https:\/\/dps-debno.pl\/#website"},"datePublished":"2024-07-15T14:56:39+00:00","dateModified":"2024-07-15T14:56:39+00:00","breadcrumb":{"@id":"https:\/\/dps-debno.pl\/index.php\/klauzula-informacyjna-dla-darczyncow\/#breadcrumb"},"inLanguage":"pl-PL","potentialAction":[{"@type":"ReadAction","target":["https:\/\/dps-debno.pl\/index.php\/klauzula-informacyjna-dla-darczyncow\/"]}]},{"@type":"BreadcrumbList","@id":"https:\/\/dps-debno.pl\/index.php\/klauzula-informacyjna-dla-darczyncow\/#breadcrumb","itemListElement":[{"@type":"ListItem","position":1,"name":"Strona g\u0142\u00f3wna","item":"https:\/\/dps-debno.pl\/"},{"@type":"ListItem","position":2,"name":"Klauzula informacyjna dla Darczy\u0144c\u00f3w"}]},{"@type":"WebSite","@id":"https:\/\/dps-debno.pl\/#website","url":"https:\/\/dps-debno.pl\/","name":"DPS D\u0119bno","description":"Dom Pomocy Spo\u0142ecznej w D\u0119bnie","publisher":{"@id":"https:\/\/dps-debno.pl\/#organization"},"potentialAction":[{"@type":"SearchAction","target":{"@type":"EntryPoint","urlTemplate":"https:\/\/dps-debno.pl\/?s={search_term_string}"},"query-input":"required name=search_term_string"}],"inLanguage":"pl-PL"},{"@type":"Organization","@id":"https:\/\/dps-debno.pl\/#organization","name":"DPS D\u0119bno","url":"https:\/\/dps-debno.pl\/","logo":{"@type":"ImageObject","inLanguage":"pl-PL","@id":"https:\/\/dps-debno.pl\/#\/schema\/logo\/image\/","url":"https:\/\/dps-debno.pl\/wp-content\/uploads\/2024\/05\/logo.webp","contentUrl":"https:\/\/dps-debno.pl\/wp-content\/uploads\/2024\/05\/logo.webp","width":701,"height":779,"caption":"DPS D\u0119bno"},"image":{"@id":"https:\/\/dps-debno.pl\/#\/schema\/logo\/image\/"}}]}},"_links":{"self":[{"href":"https:\/\/dps-debno.pl\/index.php\/wp-json\/wp\/v2\/pages\/855"}],"collection":[{"href":"https:\/\/dps-debno.pl\/index.php\/wp-json\/wp\/v2\/pages"}],"about":[{"href":"https:\/\/dps-debno.pl\/index.php\/wp-json\/wp\/v2\/types\/page"}],"author":[{"embeddable":true,"href":"https:\/\/dps-debno.pl\/index.php\/wp-json\/wp\/v2\/users\/1"}],"replies":[{"embeddable":true,"href":"https:\/\/dps-debno.pl\/index.php\/wp-json\/wp\/v2\/comments?post=855"}],"version-history":[{"count":1,"href":"https:\/\/dps-debno.pl\/index.php\/wp-json\/wp\/v2\/pages\/855\/revisions"}],"predecessor-version":[{"id":866,"href":"https:\/\/dps-debno.pl\/index.php\/wp-json\/wp\/v2\/pages\/855\/revisions\/866"}],"wp:attachment":[{"href":"https:\/\/dps-debno.pl\/index.php\/wp-json\/wp\/v2\/media?parent=855"}],"curies":[{"name":"wp","href":"https:\/\/api.w.org\/{rel}","templated":true}]}}