{"id":853,"date":"2024-07-15T14:55:39","date_gmt":"2024-07-15T14:55:39","guid":{"rendered":"https:\/\/dps-debno.pl\/?page_id=853"},"modified":"2024-07-15T14:55:39","modified_gmt":"2024-07-15T14:55:39","slug":"klauzula-informacyjna-zamowienia-publiczne-przetargi","status":"publish","type":"page","link":"https:\/\/dps-debno.pl\/index.php\/klauzula-informacyjna-zamowienia-publiczne-przetargi\/","title":{"rendered":"KLAUZULA INFORMACYJNA &#8211; ZAM\u00d3WIENIA PUBLICZNE \u2013 PRZETARGI"},"content":{"rendered":"\n<p>Zgodnie z art. 13 ust. 1I i 2 rozporz\u0105dzenia Parlamentu Europejskiego i Rady (UE) 2016\/679 z dnia 27 kwietnia 2016 r. w sprawie ochrony os\u00f3b fizycznych w zwi\u0105zku z przetwarzaniem danych osobowych i w sprawie swobodnego przep\u0142ywu takich danych oraz uchylenia dyrektywy 95\/46\/WE (og\u00f3lne rozporz\u0105dzenie o ochronie danych) zwane dalej \u201eRODO\u201d informuj\u0119, \u017ce:<\/p>\n\n\n\n<ol>\n<li><strong>Administratorem Pani\/Pana danych osobowych<\/strong> jest Dom Pomocy Spo\u0142ecznej<br>w D\u0119bnie, D\u0119bno 27, 89-310 \u0141ob\u017cenica e- mail: <a href=\"mailto:%20dps@dps-debno.pl\">dps@dps-debno.pl<\/a>, tel. 67 286-18-20, imieniu, kt\u00f3rego dzia\u0142a Dyrektor tego Domu (dalej: \u201e<strong>Administrator<\/strong>\u201d).<\/li>\n\n\n\n<li><strong>Kontakt z inspektorem ochrony danych osobowych<\/strong> na adres siedziby administratora lub e-mail: iodo@sys-it.pl<\/li>\n\n\n\n<li>Pana\/ Pani dane osobowe przetwarzane b\u0119d\u0105 na podstawie art. 6 ust. 1 lit. c) RODO w celu zwi\u0105zanym z post\u0119powaniem o udzielenie zam\u00f3wienia publicznego prowadzonego w trybie przetargu.<\/li>\n\n\n\n<li>Obowi\u0105zek podania danych osobowych bezpo\u015brednio Pani\/Pana dotycz\u0105cych jest wymogiem ustawowym okre\u015blonym w przepisach ustawy Pzp, zwi\u0105zanym z udzia\u0142em w post\u0119powaniu o udzielenie zam\u00f3wienia publicznego; konsekwencje niepodania okre\u015blonych danych wynikaj\u0105 z ustawy Pzp.<\/li>\n\n\n\n<li>Odbiorcami Pana\/Pani danych osobowych b\u0119d\u0105 osoby lub podmioty, kt\u00f3rym udost\u0119pniona zostanie dokumentacja post\u0119powania w oparciu o art. 8 oraz art. 96 ust. 3 ustawy Prawo zam\u00f3wie\u0144 publicznych, dalej \u201eustawa Pzp\u201d, a tak\u017ce innym podmiotom uprawnionym do ich uzyskania na podstawie przepis\u00f3w prawa lub podmiotom, z kt\u00f3rymi administrator zawar\u0142 umowy powierzenia przetwarzania danych osobowych.<\/li>\n\n\n\n<li>Posiada Pan\/Pani:<\/li>\n\n\n\n<li>na podstawie art. 15 RODO prawo dost\u0119pu do danych osobowych Pani\/Pana dotycz\u0105cych,<\/li>\n\n\n\n<li>na podstawie art. 16 RODO prawo do sprostowania Pani\/Pana danych osobowych &#8211; na podstawie art. 18 RODO prawo \u017c\u0105dania od administratora ograniczenia przetwarzania danych osobowych z zastrze\u017ceniem przypadk\u00f3w, o kt\u00f3rych mowa w art. 18 ust. 2 RODO,<\/li>\n\n\n\n<li>prawo do wniesienia skargi do Prezesa Urz\u0119du Ochrony Danych Osobowych, gdy uzna Pani\/Pan, \u017ce przetwarzanie danych osobowych Pani\/Pana dotycz\u0105cych narusza przepisy RODO<\/li>\n\n\n\n<li>W odniesieniu do Pani\/Pana danych osobowych decyzje nie b\u0119d\u0105 podejmowane w spos\u00f3b zautomatyzowany, stosownie do art. 22 RODO.<\/li>\n\n\n\n<li>Pani\/Pana dane osobowe b\u0119d\u0105 przechowywane, zgodnie z art. 97 ust. 1 ustawy Pzp, przez okres 4 lat od dnia zako\u0144czenia post\u0119powania o udzielenie zam\u00f3wienia, a je\u017celi czas trwania umowy przekracza 4 lata, okres przechowywania obejmuje ca\u0142y czas trwania umowy, a nast\u0119pnie przez czas okre\u015blony w rozporz\u0105dzeniu w sprawie instrukcji kancelaryjnej, jednolitych rzeczowych wykaz\u00f3w akt oraz instrukcji w sprawie organizacji i zakresu dzia\u0142ania archiw\u00f3w zak\u0142adowych.<\/li>\n<\/ol>\n","protected":false},"excerpt":{"rendered":"<p>Zgodnie z art. 13 ust. 1I i 2 rozporz\u0105dzenia Parlamentu Europejskiego i Rady (UE) 2016\/679 z dnia 27 kwietnia 2016 r. w sprawie ochrony os\u00f3b fizycznych w zwi\u0105zku z przetwarzaniem danych osobowych i w sprawie swobodnego przep\u0142ywu takich danych oraz uchylenia dyrektywy 95\/46\/WE (og\u00f3lne rozporz\u0105dzenie o ochronie danych) zwane dalej \u201eRODO\u201d informuj\u0119, \u017ce:<\/p>\n","protected":false},"author":1,"featured_media":0,"parent":0,"menu_order":0,"comment_status":"closed","ping_status":"closed","template":"","meta":{"footnotes":""},"yoast_head":"<!-- This site is optimized with the Yoast SEO plugin v23.1 - https:\/\/yoast.com\/wordpress\/plugins\/seo\/ -->\n<title>KLAUZULA INFORMACYJNA - ZAM\u00d3WIENIA PUBLICZNE \u2013 PRZETARGI - DPS D\u0119bno<\/title>\n<meta name=\"robots\" content=\"index, follow, max-snippet:-1, max-image-preview:large, max-video-preview:-1\" \/>\n<link rel=\"canonical\" href=\"https:\/\/dps-debno.pl\/index.php\/klauzula-informacyjna-zamowienia-publiczne-przetargi\/\" \/>\n<meta property=\"og:locale\" content=\"pl_PL\" \/>\n<meta property=\"og:type\" content=\"article\" \/>\n<meta property=\"og:title\" content=\"KLAUZULA INFORMACYJNA - ZAM\u00d3WIENIA PUBLICZNE \u2013 PRZETARGI - DPS D\u0119bno\" \/>\n<meta property=\"og:description\" content=\"Zgodnie z art. 13 ust. 1I i 2 rozporz\u0105dzenia Parlamentu Europejskiego i Rady (UE) 2016\/679 z dnia 27 kwietnia 2016 r. w sprawie ochrony os\u00f3b fizycznych w zwi\u0105zku z przetwarzaniem danych osobowych i w sprawie swobodnego przep\u0142ywu takich danych oraz uchylenia dyrektywy 95\/46\/WE (og\u00f3lne rozporz\u0105dzenie o ochronie danych) zwane dalej \u201eRODO\u201d informuj\u0119, \u017ce:\" \/>\n<meta property=\"og:url\" content=\"https:\/\/dps-debno.pl\/index.php\/klauzula-informacyjna-zamowienia-publiczne-przetargi\/\" \/>\n<meta property=\"og:site_name\" content=\"DPS D\u0119bno\" \/>\n<meta property=\"og:image\" content=\"https:\/\/dps-debno.pl\/wp-content\/uploads\/2024\/07\/logo.webp\" \/>\n\t<meta property=\"og:image:width\" content=\"500\" \/>\n\t<meta property=\"og:image:height\" content=\"556\" \/>\n\t<meta property=\"og:image:type\" content=\"image\/webp\" \/>\n<meta name=\"twitter:card\" content=\"summary_large_image\" \/>\n<meta name=\"twitter:label1\" content=\"Szacowany czas czytania\" \/>\n\t<meta name=\"twitter:data1\" content=\"2 minuty\" \/>\n<script type=\"application\/ld+json\" class=\"yoast-schema-graph\">{\"@context\":\"https:\/\/schema.org\",\"@graph\":[{\"@type\":\"WebPage\",\"@id\":\"https:\/\/dps-debno.pl\/index.php\/klauzula-informacyjna-zamowienia-publiczne-przetargi\/\",\"url\":\"https:\/\/dps-debno.pl\/index.php\/klauzula-informacyjna-zamowienia-publiczne-przetargi\/\",\"name\":\"KLAUZULA INFORMACYJNA - ZAM\u00d3WIENIA PUBLICZNE \u2013 PRZETARGI - DPS D\u0119bno\",\"isPartOf\":{\"@id\":\"https:\/\/dps-debno.pl\/#website\"},\"datePublished\":\"2024-07-15T14:55:39+00:00\",\"dateModified\":\"2024-07-15T14:55:39+00:00\",\"breadcrumb\":{\"@id\":\"https:\/\/dps-debno.pl\/index.php\/klauzula-informacyjna-zamowienia-publiczne-przetargi\/#breadcrumb\"},\"inLanguage\":\"pl-PL\",\"potentialAction\":[{\"@type\":\"ReadAction\",\"target\":[\"https:\/\/dps-debno.pl\/index.php\/klauzula-informacyjna-zamowienia-publiczne-przetargi\/\"]}]},{\"@type\":\"BreadcrumbList\",\"@id\":\"https:\/\/dps-debno.pl\/index.php\/klauzula-informacyjna-zamowienia-publiczne-przetargi\/#breadcrumb\",\"itemListElement\":[{\"@type\":\"ListItem\",\"position\":1,\"name\":\"Strona g\u0142\u00f3wna\",\"item\":\"https:\/\/dps-debno.pl\/\"},{\"@type\":\"ListItem\",\"position\":2,\"name\":\"KLAUZULA INFORMACYJNA &#8211; ZAM\u00d3WIENIA PUBLICZNE \u2013 PRZETARGI\"}]},{\"@type\":\"WebSite\",\"@id\":\"https:\/\/dps-debno.pl\/#website\",\"url\":\"https:\/\/dps-debno.pl\/\",\"name\":\"DPS D\u0119bno\",\"description\":\"Dom Pomocy Spo\u0142ecznej w D\u0119bnie\",\"publisher\":{\"@id\":\"https:\/\/dps-debno.pl\/#organization\"},\"potentialAction\":[{\"@type\":\"SearchAction\",\"target\":{\"@type\":\"EntryPoint\",\"urlTemplate\":\"https:\/\/dps-debno.pl\/?s={search_term_string}\"},\"query-input\":\"required name=search_term_string\"}],\"inLanguage\":\"pl-PL\"},{\"@type\":\"Organization\",\"@id\":\"https:\/\/dps-debno.pl\/#organization\",\"name\":\"DPS D\u0119bno\",\"url\":\"https:\/\/dps-debno.pl\/\",\"logo\":{\"@type\":\"ImageObject\",\"inLanguage\":\"pl-PL\",\"@id\":\"https:\/\/dps-debno.pl\/#\/schema\/logo\/image\/\",\"url\":\"https:\/\/dps-debno.pl\/wp-content\/uploads\/2024\/05\/logo.webp\",\"contentUrl\":\"https:\/\/dps-debno.pl\/wp-content\/uploads\/2024\/05\/logo.webp\",\"width\":701,\"height\":779,\"caption\":\"DPS D\u0119bno\"},\"image\":{\"@id\":\"https:\/\/dps-debno.pl\/#\/schema\/logo\/image\/\"}}]}<\/script>\n<!-- \/ Yoast SEO plugin. -->","yoast_head_json":{"title":"KLAUZULA INFORMACYJNA - ZAM\u00d3WIENIA PUBLICZNE \u2013 PRZETARGI - DPS D\u0119bno","robots":{"index":"index","follow":"follow","max-snippet":"max-snippet:-1","max-image-preview":"max-image-preview:large","max-video-preview":"max-video-preview:-1"},"canonical":"https:\/\/dps-debno.pl\/index.php\/klauzula-informacyjna-zamowienia-publiczne-przetargi\/","og_locale":"pl_PL","og_type":"article","og_title":"KLAUZULA INFORMACYJNA - ZAM\u00d3WIENIA PUBLICZNE \u2013 PRZETARGI - DPS D\u0119bno","og_description":"Zgodnie z art. 13 ust. 1I i 2 rozporz\u0105dzenia Parlamentu Europejskiego i Rady (UE) 2016\/679 z dnia 27 kwietnia 2016 r. w sprawie ochrony os\u00f3b fizycznych w zwi\u0105zku z przetwarzaniem danych osobowych i w sprawie swobodnego przep\u0142ywu takich danych oraz uchylenia dyrektywy 95\/46\/WE (og\u00f3lne rozporz\u0105dzenie o ochronie danych) zwane dalej \u201eRODO\u201d informuj\u0119, \u017ce:","og_url":"https:\/\/dps-debno.pl\/index.php\/klauzula-informacyjna-zamowienia-publiczne-przetargi\/","og_site_name":"DPS D\u0119bno","og_image":[{"width":500,"height":556,"url":"https:\/\/dps-debno.pl\/wp-content\/uploads\/2024\/07\/logo.webp","type":"image\/webp"}],"twitter_card":"summary_large_image","twitter_misc":{"Szacowany czas czytania":"2 minuty"},"schema":{"@context":"https:\/\/schema.org","@graph":[{"@type":"WebPage","@id":"https:\/\/dps-debno.pl\/index.php\/klauzula-informacyjna-zamowienia-publiczne-przetargi\/","url":"https:\/\/dps-debno.pl\/index.php\/klauzula-informacyjna-zamowienia-publiczne-przetargi\/","name":"KLAUZULA INFORMACYJNA - ZAM\u00d3WIENIA PUBLICZNE \u2013 PRZETARGI - DPS D\u0119bno","isPartOf":{"@id":"https:\/\/dps-debno.pl\/#website"},"datePublished":"2024-07-15T14:55:39+00:00","dateModified":"2024-07-15T14:55:39+00:00","breadcrumb":{"@id":"https:\/\/dps-debno.pl\/index.php\/klauzula-informacyjna-zamowienia-publiczne-przetargi\/#breadcrumb"},"inLanguage":"pl-PL","potentialAction":[{"@type":"ReadAction","target":["https:\/\/dps-debno.pl\/index.php\/klauzula-informacyjna-zamowienia-publiczne-przetargi\/"]}]},{"@type":"BreadcrumbList","@id":"https:\/\/dps-debno.pl\/index.php\/klauzula-informacyjna-zamowienia-publiczne-przetargi\/#breadcrumb","itemListElement":[{"@type":"ListItem","position":1,"name":"Strona g\u0142\u00f3wna","item":"https:\/\/dps-debno.pl\/"},{"@type":"ListItem","position":2,"name":"KLAUZULA INFORMACYJNA &#8211; ZAM\u00d3WIENIA PUBLICZNE \u2013 PRZETARGI"}]},{"@type":"WebSite","@id":"https:\/\/dps-debno.pl\/#website","url":"https:\/\/dps-debno.pl\/","name":"DPS D\u0119bno","description":"Dom Pomocy Spo\u0142ecznej w D\u0119bnie","publisher":{"@id":"https:\/\/dps-debno.pl\/#organization"},"potentialAction":[{"@type":"SearchAction","target":{"@type":"EntryPoint","urlTemplate":"https:\/\/dps-debno.pl\/?s={search_term_string}"},"query-input":"required name=search_term_string"}],"inLanguage":"pl-PL"},{"@type":"Organization","@id":"https:\/\/dps-debno.pl\/#organization","name":"DPS D\u0119bno","url":"https:\/\/dps-debno.pl\/","logo":{"@type":"ImageObject","inLanguage":"pl-PL","@id":"https:\/\/dps-debno.pl\/#\/schema\/logo\/image\/","url":"https:\/\/dps-debno.pl\/wp-content\/uploads\/2024\/05\/logo.webp","contentUrl":"https:\/\/dps-debno.pl\/wp-content\/uploads\/2024\/05\/logo.webp","width":701,"height":779,"caption":"DPS D\u0119bno"},"image":{"@id":"https:\/\/dps-debno.pl\/#\/schema\/logo\/image\/"}}]}},"_links":{"self":[{"href":"https:\/\/dps-debno.pl\/index.php\/wp-json\/wp\/v2\/pages\/853"}],"collection":[{"href":"https:\/\/dps-debno.pl\/index.php\/wp-json\/wp\/v2\/pages"}],"about":[{"href":"https:\/\/dps-debno.pl\/index.php\/wp-json\/wp\/v2\/types\/page"}],"author":[{"embeddable":true,"href":"https:\/\/dps-debno.pl\/index.php\/wp-json\/wp\/v2\/users\/1"}],"replies":[{"embeddable":true,"href":"https:\/\/dps-debno.pl\/index.php\/wp-json\/wp\/v2\/comments?post=853"}],"version-history":[{"count":1,"href":"https:\/\/dps-debno.pl\/index.php\/wp-json\/wp\/v2\/pages\/853\/revisions"}],"predecessor-version":[{"id":861,"href":"https:\/\/dps-debno.pl\/index.php\/wp-json\/wp\/v2\/pages\/853\/revisions\/861"}],"wp:attachment":[{"href":"https:\/\/dps-debno.pl\/index.php\/wp-json\/wp\/v2\/media?parent=853"}],"curies":[{"name":"wp","href":"https:\/\/api.w.org\/{rel}","templated":true}]}}