{"id":57,"date":"2024-05-31T07:47:21","date_gmt":"2024-05-31T07:47:21","guid":{"rendered":"https:\/\/dps-debno.pl\/?page_id=57"},"modified":"2026-04-03T08:24:45","modified_gmt":"2026-04-03T08:24:45","slug":"zamowienia-publiczne","status":"publish","type":"page","link":"https:\/\/dps-debno.pl\/index.php\/zamowienia-publiczne\/","title":{"rendered":"Zam\u00f3wienia publiczne"},"content":{"rendered":"\t\t<div data-elementor-type=\"wp-page\" data-elementor-id=\"57\" class=\"elementor elementor-57\" data-elementor-post-type=\"page\">\n\t\t\t\t<div data-particle_enable=\"false\" data-particle-mobile-disabled=\"false\" class=\"elementor-element elementor-element-300f470 e-flex e-con-boxed e-con e-parent\" data-id=\"300f470\" data-element_type=\"container\" data-settings=\"{&quot;background_background&quot;:&quot;classic&quot;}\">\n\t\t\t\t\t<div class=\"e-con-inner\">\n\t\t<div data-particle_enable=\"false\" data-particle-mobile-disabled=\"false\" class=\"elementor-element elementor-element-2fed655 e-con-full e-flex e-con e-child\" data-id=\"2fed655\" data-element_type=\"container\">\n\t\t\t\t<div class=\"elementor-element elementor-element-904eeb1 elementor-widget elementor-widget-heading\" data-id=\"904eeb1\" data-element_type=\"widget\" data-widget_type=\"heading.default\">\n\t\t\t\t<div class=\"elementor-widget-container\">\n\t\t\t<style>\/*! elementor - v3.23.0 - 15-07-2024 *\/\n.elementor-heading-title{padding:0;margin:0;line-height:1}.elementor-widget-heading .elementor-heading-title[class*=elementor-size-]>a{color:inherit;font-size:inherit;line-height:inherit}.elementor-widget-heading .elementor-heading-title.elementor-size-small{font-size:15px}.elementor-widget-heading .elementor-heading-title.elementor-size-medium{font-size:19px}.elementor-widget-heading .elementor-heading-title.elementor-size-large{font-size:29px}.elementor-widget-heading .elementor-heading-title.elementor-size-xl{font-size:39px}.elementor-widget-heading .elementor-heading-title.elementor-size-xxl{font-size:59px}<\/style><div class=\"elementor-heading-title elementor-size-default\">Zam\u00f3wienia publiczne<\/div>\t\t<\/div>\n\t\t\t\t<\/div>\n\t\t\t\t<div class=\"elementor-element elementor-element-43069ff elementor-widget-divider--view-line elementor-widget elementor-widget-divider\" data-id=\"43069ff\" data-element_type=\"widget\" data-widget_type=\"divider.default\">\n\t\t\t\t<div class=\"elementor-widget-container\">\n\t\t\t<style>\/*! elementor - v3.23.0 - 15-07-2024 *\/\n.elementor-widget-divider{--divider-border-style:none;--divider-border-width:1px;--divider-color:#0c0d0e;--divider-icon-size:20px;--divider-element-spacing:10px;--divider-pattern-height:24px;--divider-pattern-size:20px;--divider-pattern-url:none;--divider-pattern-repeat:repeat-x}.elementor-widget-divider .elementor-divider{display:flex}.elementor-widget-divider .elementor-divider__text{font-size:15px;line-height:1;max-width:95%}.elementor-widget-divider .elementor-divider__element{margin:0 var(--divider-element-spacing);flex-shrink:0}.elementor-widget-divider .elementor-icon{font-size:var(--divider-icon-size)}.elementor-widget-divider .elementor-divider-separator{display:flex;margin:0;direction:ltr}.elementor-widget-divider--view-line_icon .elementor-divider-separator,.elementor-widget-divider--view-line_text .elementor-divider-separator{align-items:center}.elementor-widget-divider--view-line_icon .elementor-divider-separator:after,.elementor-widget-divider--view-line_icon .elementor-divider-separator:before,.elementor-widget-divider--view-line_text .elementor-divider-separator:after,.elementor-widget-divider--view-line_text .elementor-divider-separator:before{display:block;content:\"\";border-block-end:0;flex-grow:1;border-block-start:var(--divider-border-width) var(--divider-border-style) var(--divider-color)}.elementor-widget-divider--element-align-left .elementor-divider .elementor-divider-separator>.elementor-divider__svg:first-of-type{flex-grow:0;flex-shrink:100}.elementor-widget-divider--element-align-left .elementor-divider-separator:before{content:none}.elementor-widget-divider--element-align-left .elementor-divider__element{margin-left:0}.elementor-widget-divider--element-align-right .elementor-divider .elementor-divider-separator>.elementor-divider__svg:last-of-type{flex-grow:0;flex-shrink:100}.elementor-widget-divider--element-align-right .elementor-divider-separator:after{content:none}.elementor-widget-divider--element-align-right .elementor-divider__element{margin-right:0}.elementor-widget-divider--element-align-start .elementor-divider .elementor-divider-separator>.elementor-divider__svg:first-of-type{flex-grow:0;flex-shrink:100}.elementor-widget-divider--element-align-start .elementor-divider-separator:before{content:none}.elementor-widget-divider--element-align-start .elementor-divider__element{margin-inline-start:0}.elementor-widget-divider--element-align-end .elementor-divider .elementor-divider-separator>.elementor-divider__svg:last-of-type{flex-grow:0;flex-shrink:100}.elementor-widget-divider--element-align-end .elementor-divider-separator:after{content:none}.elementor-widget-divider--element-align-end .elementor-divider__element{margin-inline-end:0}.elementor-widget-divider:not(.elementor-widget-divider--view-line_text):not(.elementor-widget-divider--view-line_icon) .elementor-divider-separator{border-block-start:var(--divider-border-width) var(--divider-border-style) var(--divider-color)}.elementor-widget-divider--separator-type-pattern{--divider-border-style:none}.elementor-widget-divider--separator-type-pattern.elementor-widget-divider--view-line .elementor-divider-separator,.elementor-widget-divider--separator-type-pattern:not(.elementor-widget-divider--view-line) .elementor-divider-separator:after,.elementor-widget-divider--separator-type-pattern:not(.elementor-widget-divider--view-line) .elementor-divider-separator:before,.elementor-widget-divider--separator-type-pattern:not([class*=elementor-widget-divider--view]) .elementor-divider-separator{width:100%;min-height:var(--divider-pattern-height);-webkit-mask-size:var(--divider-pattern-size) 100%;mask-size:var(--divider-pattern-size) 100%;-webkit-mask-repeat:var(--divider-pattern-repeat);mask-repeat:var(--divider-pattern-repeat);background-color:var(--divider-color);-webkit-mask-image:var(--divider-pattern-url);mask-image:var(--divider-pattern-url)}.elementor-widget-divider--no-spacing{--divider-pattern-size:auto}.elementor-widget-divider--bg-round{--divider-pattern-repeat:round}.rtl .elementor-widget-divider .elementor-divider__text{direction:rtl}.e-con-inner>.elementor-widget-divider,.e-con>.elementor-widget-divider{width:var(--container-widget-width,100%);--flex-grow:var(--container-widget-flex-grow)}<\/style>\t\t<div class=\"elementor-divider\">\n\t\t\t<span class=\"elementor-divider-separator\">\n\t\t\t\t\t\t<\/span>\n\t\t<\/div>\n\t\t\t\t<\/div>\n\t\t\t\t<\/div>\n\t\t\t\t<div class=\"elementor-element elementor-element-a66092e elementor-widget elementor-widget-text-editor\" data-id=\"a66092e\" data-element_type=\"widget\" data-widget_type=\"text-editor.default\">\n\t\t\t\t<div class=\"elementor-widget-container\">\n\t\t\t<style>\/*! elementor - v3.23.0 - 15-07-2024 *\/\n.elementor-widget-text-editor.elementor-drop-cap-view-stacked .elementor-drop-cap{background-color:#69727d;color:#fff}.elementor-widget-text-editor.elementor-drop-cap-view-framed .elementor-drop-cap{color:#69727d;border:3px solid;background-color:transparent}.elementor-widget-text-editor:not(.elementor-drop-cap-view-default) .elementor-drop-cap{margin-top:8px}.elementor-widget-text-editor:not(.elementor-drop-cap-view-default) .elementor-drop-cap-letter{width:1em;height:1em}.elementor-widget-text-editor .elementor-drop-cap{float:left;text-align:center;line-height:1;font-size:50px}.elementor-widget-text-editor .elementor-drop-cap-letter{display:inline-block}<\/style>\t\t\t\tPlan zam\u00f3wie\u0144 publicznych 2024 r.\t\t\t\t\t\t<\/div>\n\t\t\t\t<\/div>\n\t\t\t\t<div class=\"elementor-element elementor-element-a1d1963 elementor-align-center elementor-widget elementor-widget-button\" data-id=\"a1d1963\" data-element_type=\"widget\" data-widget_type=\"button.default\">\n\t\t\t\t<div class=\"elementor-widget-container\">\n\t\t\t\t\t<div class=\"elementor-button-wrapper\">\n\t\t\t<a class=\"elementor-button elementor-button-link elementor-size-sm\" href=\"https:\/\/dps-debno.pl\/wp-content\/uploads\/2024\/06\/plan24.pdf\" target=\"_blank\">\n\t\t\t\t\t\t<span class=\"elementor-button-content-wrapper\">\n\t\t\t\t\t\t\t\t\t<span class=\"elementor-button-text\">Zobacz za\u0142\u0105cznik<\/span>\n\t\t\t\t\t<\/span>\n\t\t\t\t\t<\/a>\n\t\t<\/div>\n\t\t\t\t<\/div>\n\t\t\t\t<\/div>\n\t\t\t\t<div class=\"elementor-element elementor-element-5aadebb elementor-grid-3 elementor-grid-tablet-2 elementor-grid-mobile-1 elementor-posts--thumbnail-top elementor-card-shadow-yes elementor-posts__hover-gradient elementor-widget elementor-widget-posts\" data-id=\"5aadebb\" data-element_type=\"widget\" data-settings=\"{&quot;cards_row_gap&quot;:{&quot;unit&quot;:&quot;px&quot;,&quot;size&quot;:30,&quot;sizes&quot;:[]},&quot;cards_columns&quot;:&quot;3&quot;,&quot;cards_columns_tablet&quot;:&quot;2&quot;,&quot;cards_columns_mobile&quot;:&quot;1&quot;,&quot;cards_row_gap_tablet&quot;:{&quot;unit&quot;:&quot;px&quot;,&quot;size&quot;:&quot;&quot;,&quot;sizes&quot;:[]},&quot;cards_row_gap_mobile&quot;:{&quot;unit&quot;:&quot;px&quot;,&quot;size&quot;:&quot;&quot;,&quot;sizes&quot;:[]}}\" data-widget_type=\"posts.cards\">\n\t\t\t\t<div class=\"elementor-widget-container\">\n\t\t\t<link rel=\"stylesheet\" href=\"https:\/\/dps-debno.pl\/wp-content\/plugins\/elementor-pro\/assets\/css\/widget-posts.min.css?ver=1721053928\">\t\t<div class=\"elementor-posts-container elementor-posts elementor-posts--skin-cards elementor-grid\">\n\t\t\t\t<article class=\"elementor-post elementor-grid-item post-2575 post type-post status-publish format-standard hentry category-zamowienia tag-plan tag-zamowienia\">\n\t\t\t<div class=\"elementor-post__card\">\n\t\t\t\t<div class=\"elementor-post__text\">\n\t\t\t\t<h3 class=\"elementor-post__title\">\n\t\t\t<a href=\"https:\/\/dps-debno.pl\/index.php\/2026\/01\/13\/plan-zamowien-publicznych-2026-r\/\" >\n\t\t\t\tPlan zam\u00f3wie\u0144 publicznych &#8211; 2026 r.\t\t\t<\/a>\n\t\t<\/h3>\n\t\t\t\t<div class=\"elementor-post__excerpt\">\n\t\t\t<p>Plan zam\u00f3wie\u0144 publicznych na 2026 r.<\/p>\n\t\t<\/div>\n\t\t\n\t\t<a class=\"elementor-post__read-more\" href=\"https:\/\/dps-debno.pl\/index.php\/2026\/01\/13\/plan-zamowien-publicznych-2026-r\/\" aria-label=\"Read more about Plan zam\u00f3wie\u0144 publicznych &#8211; 2026 r.\" tabindex=\"-1\" >\n\t\t\tCzytaj wi\u0119cej \u00bb\t\t<\/a>\n\n\t\t\t\t<\/div>\n\t\t\t\t<div class=\"elementor-post__meta-data\">\n\t\t\t\t\t<span class=\"elementor-post-date\">\n\t\t\t13 stycznia, 2026\t\t<\/span>\n\t\t\t\t<\/div>\n\t\t\t\t\t<\/div>\n\t\t<\/article>\n\t\t\t\t<article class=\"elementor-post elementor-grid-item post-1520 post type-post status-publish format-standard hentry category-zamowienia\">\n\t\t\t<div class=\"elementor-post__card\">\n\t\t\t\t<div class=\"elementor-post__text\">\n\t\t\t\t<h3 class=\"elementor-post__title\">\n\t\t\t<a href=\"https:\/\/dps-debno.pl\/index.php\/2025\/09\/10\/dostawa-oleju-opalowego-dla-domu-pomocy-spolecznej-w-debnie-2025-2026\/\" >\n\t\t\t\tDostawa oleju opa\u0142owego dla Domu Pomocy Spo\u0142ecznej w D\u0119bnie 2025\/2026\t\t\t<\/a>\n\t\t<\/h3>\n\t\t\t\t<div class=\"elementor-post__excerpt\">\n\t\t\t<p>Post\u0119powanie o udzielenie zam\u00f3wienia publicznego prowadzone jest pod adresem: Post\u0119powanie: Dostawa oleju opa\u0142owego dla Domu Pomocy Spo\u0142ecznej w D\u0119bnie &#8211; Platforma Zakupowa<\/p>\n\t\t<\/div>\n\t\t\n\t\t<a class=\"elementor-post__read-more\" href=\"https:\/\/dps-debno.pl\/index.php\/2025\/09\/10\/dostawa-oleju-opalowego-dla-domu-pomocy-spolecznej-w-debnie-2025-2026\/\" aria-label=\"Read more about Dostawa oleju opa\u0142owego dla Domu Pomocy Spo\u0142ecznej w D\u0119bnie 2025\/2026\" tabindex=\"-1\" >\n\t\t\tCzytaj wi\u0119cej \u00bb\t\t<\/a>\n\n\t\t\t\t<\/div>\n\t\t\t\t<div class=\"elementor-post__meta-data\">\n\t\t\t\t\t<span class=\"elementor-post-date\">\n\t\t\t10 wrze\u015bnia, 2025\t\t<\/span>\n\t\t\t\t<\/div>\n\t\t\t\t\t<\/div>\n\t\t<\/article>\n\t\t\t\t<article class=\"elementor-post elementor-grid-item post-1207 post type-post status-publish format-standard hentry category-zamowienia\">\n\t\t\t<div class=\"elementor-post__card\">\n\t\t\t\t<div class=\"elementor-post__text\">\n\t\t\t\t<h3 class=\"elementor-post__title\">\n\t\t\t<a href=\"https:\/\/dps-debno.pl\/index.php\/2025\/01\/15\/plan-zamowien-publicznych-2025-r\/\" >\n\t\t\t\tPlan zam\u00f3wie\u0144 publicznych &#8211; 2025 r.\t\t\t<\/a>\n\t\t<\/h3>\n\t\t\t\t<div class=\"elementor-post__excerpt\">\n\t\t\t<p>Plan zam\u00f3wie\u0144 publicznych na 2025 r.<\/p>\n\t\t<\/div>\n\t\t\n\t\t<a class=\"elementor-post__read-more\" href=\"https:\/\/dps-debno.pl\/index.php\/2025\/01\/15\/plan-zamowien-publicznych-2025-r\/\" aria-label=\"Read more about Plan zam\u00f3wie\u0144 publicznych &#8211; 2025 r.\" tabindex=\"-1\" >\n\t\t\tCzytaj wi\u0119cej \u00bb\t\t<\/a>\n\n\t\t\t\t<\/div>\n\t\t\t\t<div class=\"elementor-post__meta-data\">\n\t\t\t\t\t<span class=\"elementor-post-date\">\n\t\t\t15 stycznia, 2025\t\t<\/span>\n\t\t\t\t<\/div>\n\t\t\t\t\t<\/div>\n\t\t<\/article>\n\t\t\t\t<\/div>\n\t\t\n\t\t\t\t<\/div>\n\t\t\t\t<\/div>\n\t\t\t\t<\/div>\n\t\t\t\t\t<\/div>\n\t\t\t\t<\/div>\n\t\t\t\t<\/div>\n\t\t","protected":false},"excerpt":{"rendered":"<p>Plan zam\u00f3wie\u0144 publicznych 2024 r. Zobacz za\u0142\u0105cznik<\/p>\n","protected":false},"author":1,"featured_media":0,"parent":0,"menu_order":0,"comment_status":"closed","ping_status":"closed","template":"elementor_header_footer","meta":{"footnotes":""},"yoast_head":"<!-- This site is optimized with the Yoast SEO plugin v23.1 - https:\/\/yoast.com\/wordpress\/plugins\/seo\/ -->\n<title>Zam\u00f3wienia publiczne - DPS D\u0119bno<\/title>\n<meta name=\"robots\" content=\"index, follow, max-snippet:-1, max-image-preview:large, max-video-preview:-1\" \/>\n<link rel=\"canonical\" href=\"https:\/\/dps-debno.pl\/index.php\/zamowienia-publiczne\/\" \/>\n<meta property=\"og:locale\" content=\"pl_PL\" \/>\n<meta property=\"og:type\" content=\"article\" \/>\n<meta property=\"og:title\" content=\"Zam\u00f3wienia publiczne - DPS D\u0119bno\" \/>\n<meta property=\"og:description\" content=\"Plan zam\u00f3wie\u0144 publicznych 2024 r. Zobacz za\u0142\u0105cznik\" \/>\n<meta property=\"og:url\" content=\"https:\/\/dps-debno.pl\/index.php\/zamowienia-publiczne\/\" \/>\n<meta property=\"og:site_name\" content=\"DPS D\u0119bno\" \/>\n<meta property=\"article:modified_time\" content=\"2026-04-03T08:24:45+00:00\" \/>\n<meta property=\"og:image\" content=\"https:\/\/dps-debno.pl\/wp-content\/uploads\/2024\/07\/logo.webp\" \/>\n\t<meta property=\"og:image:width\" content=\"500\" \/>\n\t<meta property=\"og:image:height\" content=\"556\" \/>\n\t<meta property=\"og:image:type\" content=\"image\/webp\" \/>\n<meta name=\"twitter:card\" content=\"summary_large_image\" \/>\n<meta name=\"twitter:label1\" content=\"Szacowany czas czytania\" \/>\n\t<meta name=\"twitter:data1\" content=\"1 minuta\" \/>\n<script type=\"application\/ld+json\" class=\"yoast-schema-graph\">{\"@context\":\"https:\/\/schema.org\",\"@graph\":[{\"@type\":\"WebPage\",\"@id\":\"https:\/\/dps-debno.pl\/index.php\/zamowienia-publiczne\/\",\"url\":\"https:\/\/dps-debno.pl\/index.php\/zamowienia-publiczne\/\",\"name\":\"Zam\u00f3wienia publiczne - DPS D\u0119bno\",\"isPartOf\":{\"@id\":\"https:\/\/dps-debno.pl\/#website\"},\"datePublished\":\"2024-05-31T07:47:21+00:00\",\"dateModified\":\"2026-04-03T08:24:45+00:00\",\"breadcrumb\":{\"@id\":\"https:\/\/dps-debno.pl\/index.php\/zamowienia-publiczne\/#breadcrumb\"},\"inLanguage\":\"pl-PL\",\"potentialAction\":[{\"@type\":\"ReadAction\",\"target\":[\"https:\/\/dps-debno.pl\/index.php\/zamowienia-publiczne\/\"]}]},{\"@type\":\"BreadcrumbList\",\"@id\":\"https:\/\/dps-debno.pl\/index.php\/zamowienia-publiczne\/#breadcrumb\",\"itemListElement\":[{\"@type\":\"ListItem\",\"position\":1,\"name\":\"Strona g\u0142\u00f3wna\",\"item\":\"https:\/\/dps-debno.pl\/\"},{\"@type\":\"ListItem\",\"position\":2,\"name\":\"Zam\u00f3wienia publiczne\"}]},{\"@type\":\"WebSite\",\"@id\":\"https:\/\/dps-debno.pl\/#website\",\"url\":\"https:\/\/dps-debno.pl\/\",\"name\":\"DPS D\u0119bno\",\"description\":\"Dom Pomocy Spo\u0142ecznej w D\u0119bnie\",\"publisher\":{\"@id\":\"https:\/\/dps-debno.pl\/#organization\"},\"potentialAction\":[{\"@type\":\"SearchAction\",\"target\":{\"@type\":\"EntryPoint\",\"urlTemplate\":\"https:\/\/dps-debno.pl\/?s={search_term_string}\"},\"query-input\":\"required name=search_term_string\"}],\"inLanguage\":\"pl-PL\"},{\"@type\":\"Organization\",\"@id\":\"https:\/\/dps-debno.pl\/#organization\",\"name\":\"DPS D\u0119bno\",\"url\":\"https:\/\/dps-debno.pl\/\",\"logo\":{\"@type\":\"ImageObject\",\"inLanguage\":\"pl-PL\",\"@id\":\"https:\/\/dps-debno.pl\/#\/schema\/logo\/image\/\",\"url\":\"https:\/\/dps-debno.pl\/wp-content\/uploads\/2024\/05\/logo.webp\",\"contentUrl\":\"https:\/\/dps-debno.pl\/wp-content\/uploads\/2024\/05\/logo.webp\",\"width\":701,\"height\":779,\"caption\":\"DPS D\u0119bno\"},\"image\":{\"@id\":\"https:\/\/dps-debno.pl\/#\/schema\/logo\/image\/\"}}]}<\/script>\n<!-- \/ Yoast SEO plugin. -->","yoast_head_json":{"title":"Zam\u00f3wienia publiczne - DPS D\u0119bno","robots":{"index":"index","follow":"follow","max-snippet":"max-snippet:-1","max-image-preview":"max-image-preview:large","max-video-preview":"max-video-preview:-1"},"canonical":"https:\/\/dps-debno.pl\/index.php\/zamowienia-publiczne\/","og_locale":"pl_PL","og_type":"article","og_title":"Zam\u00f3wienia publiczne - DPS D\u0119bno","og_description":"Plan zam\u00f3wie\u0144 publicznych 2024 r. Zobacz za\u0142\u0105cznik","og_url":"https:\/\/dps-debno.pl\/index.php\/zamowienia-publiczne\/","og_site_name":"DPS D\u0119bno","article_modified_time":"2026-04-03T08:24:45+00:00","og_image":[{"width":500,"height":556,"url":"https:\/\/dps-debno.pl\/wp-content\/uploads\/2024\/07\/logo.webp","type":"image\/webp"}],"twitter_card":"summary_large_image","twitter_misc":{"Szacowany czas czytania":"1 minuta"},"schema":{"@context":"https:\/\/schema.org","@graph":[{"@type":"WebPage","@id":"https:\/\/dps-debno.pl\/index.php\/zamowienia-publiczne\/","url":"https:\/\/dps-debno.pl\/index.php\/zamowienia-publiczne\/","name":"Zam\u00f3wienia publiczne - DPS D\u0119bno","isPartOf":{"@id":"https:\/\/dps-debno.pl\/#website"},"datePublished":"2024-05-31T07:47:21+00:00","dateModified":"2026-04-03T08:24:45+00:00","breadcrumb":{"@id":"https:\/\/dps-debno.pl\/index.php\/zamowienia-publiczne\/#breadcrumb"},"inLanguage":"pl-PL","potentialAction":[{"@type":"ReadAction","target":["https:\/\/dps-debno.pl\/index.php\/zamowienia-publiczne\/"]}]},{"@type":"BreadcrumbList","@id":"https:\/\/dps-debno.pl\/index.php\/zamowienia-publiczne\/#breadcrumb","itemListElement":[{"@type":"ListItem","position":1,"name":"Strona g\u0142\u00f3wna","item":"https:\/\/dps-debno.pl\/"},{"@type":"ListItem","position":2,"name":"Zam\u00f3wienia publiczne"}]},{"@type":"WebSite","@id":"https:\/\/dps-debno.pl\/#website","url":"https:\/\/dps-debno.pl\/","name":"DPS D\u0119bno","description":"Dom Pomocy Spo\u0142ecznej w D\u0119bnie","publisher":{"@id":"https:\/\/dps-debno.pl\/#organization"},"potentialAction":[{"@type":"SearchAction","target":{"@type":"EntryPoint","urlTemplate":"https:\/\/dps-debno.pl\/?s={search_term_string}"},"query-input":"required name=search_term_string"}],"inLanguage":"pl-PL"},{"@type":"Organization","@id":"https:\/\/dps-debno.pl\/#organization","name":"DPS D\u0119bno","url":"https:\/\/dps-debno.pl\/","logo":{"@type":"ImageObject","inLanguage":"pl-PL","@id":"https:\/\/dps-debno.pl\/#\/schema\/logo\/image\/","url":"https:\/\/dps-debno.pl\/wp-content\/uploads\/2024\/05\/logo.webp","contentUrl":"https:\/\/dps-debno.pl\/wp-content\/uploads\/2024\/05\/logo.webp","width":701,"height":779,"caption":"DPS D\u0119bno"},"image":{"@id":"https:\/\/dps-debno.pl\/#\/schema\/logo\/image\/"}}]}},"_links":{"self":[{"href":"https:\/\/dps-debno.pl\/index.php\/wp-json\/wp\/v2\/pages\/57"}],"collection":[{"href":"https:\/\/dps-debno.pl\/index.php\/wp-json\/wp\/v2\/pages"}],"about":[{"href":"https:\/\/dps-debno.pl\/index.php\/wp-json\/wp\/v2\/types\/page"}],"author":[{"embeddable":true,"href":"https:\/\/dps-debno.pl\/index.php\/wp-json\/wp\/v2\/users\/1"}],"replies":[{"embeddable":true,"href":"https:\/\/dps-debno.pl\/index.php\/wp-json\/wp\/v2\/comments?post=57"}],"version-history":[{"count":19,"href":"https:\/\/dps-debno.pl\/index.php\/wp-json\/wp\/v2\/pages\/57\/revisions"}],"predecessor-version":[{"id":1187,"href":"https:\/\/dps-debno.pl\/index.php\/wp-json\/wp\/v2\/pages\/57\/revisions\/1187"}],"wp:attachment":[{"href":"https:\/\/dps-debno.pl\/index.php\/wp-json\/wp\/v2\/media?parent=57"}],"curies":[{"name":"wp","href":"https:\/\/api.w.org\/{rel}","templated":true}]}}